{"id":134,"date":"2025-05-09T07:50:24","date_gmt":"2025-05-09T07:50:24","guid":{"rendered":"https:\/\/new.verbier-ride.com\/?page_id=134"},"modified":"2025-06-19T05:42:00","modified_gmt":"2025-06-19T05:42:00","slug":"notre-equippe","status":"publish","type":"page","link":"https:\/\/verbier-ride.com\/fr\/notre-equippe\/","title":{"rendered":"Notre Equippe"},"content":{"rendered":"<p>[et_pb_section fb_built=\u00a0\u00bb1&Prime; _builder_version=\u00a0\u00bb4.27.4&Prime; _module_preset=\u00a0\u00bbdefault\u00a0\u00bb use_background_color_gradient=\u00a0\u00bbon\u00a0\u00bb background_color_gradient_stops=\u00a0\u00bbrgba(0,0,0,0.21) 0%|rgba(0,0,0,0.16) 98%\u00a0\u00bb background_color_gradient_overlays_image=\u00a0\u00bbon\u00a0\u00bb background_image=\u00a0\u00bbhttps:\/\/new.verbier-ride.com\/wp-content\/uploads\/2025\/06\/notre-equippe-verbier-ride-e1750311634405.jpg\u00a0\u00bb parallax=\u00a0\u00bbon\u00a0\u00bb height=\u00a0\u00bb400px\u00a0\u00bb hover_enabled=\u00a0\u00bb0&Prime; da_disable_devices=\u00a0\u00bboff|off|off\u00a0\u00bb global_colors_info=\u00a0\u00bb{}\u00a0\u00bb title_text=\u00a0\u00bbnotre-equippe-verbier-ride\u00a0\u00bb sticky_enabled=\u00a0\u00bb0&Prime; da_is_popup=\u00a0\u00bboff\u00a0\u00bb da_exit_intent=\u00a0\u00bboff\u00a0\u00bb da_has_close=\u00a0\u00bbon\u00a0\u00bb da_alt_close=\u00a0\u00bboff\u00a0\u00bb da_dark_close=\u00a0\u00bboff\u00a0\u00bb da_not_modal=\u00a0\u00bbon\u00a0\u00bb da_is_singular=\u00a0\u00bboff\u00a0\u00bb da_with_loader=\u00a0\u00bboff\u00a0\u00bb da_has_shadow=\u00a0\u00bbon\u00a0\u00bb][et_pb_row _builder_version=\u00a0\u00bb4.27.4&Prime; _module_preset=\u00a0\u00bbdefault\u00a0\u00bb positioning=\u00a0\u00bbabsolute\u00a0\u00bb position_origin_a=\u00a0\u00bbcenter_center\u00a0\u00bb global_colors_info=\u00a0\u00bb{}\u00a0\u00bb][et_pb_column type=\u00a0\u00bb4_4&Prime; _builder_version=\u00a0\u00bb4.27.4&Prime; _module_preset=\u00a0\u00bbdefault\u00a0\u00bb global_colors_info=\u00a0\u00bb{}\u00a0\u00bb][et_pb_heading title=\u00a0\u00bbNotre \u00e9quipe\u00a0\u00bb _builder_version=\u00a0\u00bb4.27.4&Prime; _module_preset=\u00a0\u00bbdefault\u00a0\u00bb title_font=\u00a0\u00bb|600|||||||\u00a0\u00bb title_text_align=\u00a0\u00bbcenter\u00a0\u00bb title_text_color=\u00a0\u00bb#FFFFFF\u00a0\u00bb title_font_size=\u00a0\u00bb45px\u00a0\u00bb background_enable_image=\u00a0\u00bboff\u00a0\u00bb positioning=\u00a0\u00bbabsolute\u00a0\u00bb position_origin_a=\u00a0\u00bbcenter_center\u00a0\u00bb width=\u00a0\u00bb100%\u00a0\u00bb title_text_shadow_style=\u00a0\u00bbpreset2&Prime; global_colors_info=\u00a0\u00bb{}\u00a0\u00bb][\/et_pb_heading][\/et_pb_column][\/et_pb_row][\/et_pb_section][et_pb_section fb_built=\u00a0\u00bb1&Prime; _builder_version=\u00a0\u00bb4.27.4&Prime; _module_preset=\u00a0\u00bbdefault\u00a0\u00bb width=\u00a0\u00bb100%\u00a0\u00bb da_disable_devices=\u00a0\u00bboff|off|off\u00a0\u00bb global_colors_info=\u00a0\u00bb{}\u00a0\u00bb da_is_popup=\u00a0\u00bboff\u00a0\u00bb da_exit_intent=\u00a0\u00bboff\u00a0\u00bb da_has_close=\u00a0\u00bbon\u00a0\u00bb da_alt_close=\u00a0\u00bboff\u00a0\u00bb da_dark_close=\u00a0\u00bboff\u00a0\u00bb da_not_modal=\u00a0\u00bbon\u00a0\u00bb da_is_singular=\u00a0\u00bboff\u00a0\u00bb da_with_loader=\u00a0\u00bboff\u00a0\u00bb da_has_shadow=\u00a0\u00bbon\u00a0\u00bb][et_pb_row _builder_version=\u00a0\u00bb4.27.4&Prime; _module_preset=\u00a0\u00bbdefault\u00a0\u00bb positioning=\u00a0\u00bbnone\u00a0\u00bb position_origin_a=\u00a0\u00bbtop_center\u00a0\u00bb module_alignment=\u00a0\u00bbcenter\u00a0\u00bb global_colors_info=\u00a0\u00bb{}\u00a0\u00bb][et_pb_column type=\u00a0\u00bb4_4&Prime; _builder_version=\u00a0\u00bb4.27.4&Prime; _module_preset=\u00a0\u00bbdefault\u00a0\u00bb global_colors_info=\u00a0\u00bb{}\u00a0\u00bb][et_pb_heading title=\u00a0\u00bbQui sommes nous ?\u00a0\u00bb _builder_version=\u00a0\u00bb4.27.4&Prime; _module_preset=\u00a0\u00bbdefault\u00a0\u00bb title_font=\u00a0\u00bb|600|||||||\u00a0\u00bb title_text_align=\u00a0\u00bbcenter\u00a0\u00bb global_colors_info=\u00a0\u00bb{}\u00a0\u00bb][\/et_pb_heading][et_pb_text _builder_version=\u00a0\u00bb4.27.4&Prime; _module_preset=\u00a0\u00bbdefault\u00a0\u00bb width=\u00a0\u00bb80%\u00a0\u00bb module_alignment=\u00a0\u00bbcenter\u00a0\u00bb global_colors_info=\u00a0\u00bb{}\u00a0\u00bb]<\/p>\n<p data-start=\"158\" data-end=\"477\" style=\"text-align: center;\"><strong data-start=\"158\" data-end=\"236\">Verbier-Ride, c\u2019est avant tout une \u00e9quipe de passionn\u00e9s de v\u00e9lo et de ski.<\/strong><br data-start=\"236\" data-end=\"239\" \/>Nous nous sommes rencontr\u00e9s au fil des formations ou au sein de diff\u00e9rentes \u00e9coles de ski et agences d\u2019aventure. Forts de ces exp\u00e9riences partag\u00e9es, nous avons d\u00e9cid\u00e9 d\u2019unir nos comp\u00e9tences pour cr\u00e9er nos propres aventures, \u00e0 notre image.<\/p>\n<p data-start=\"479\" data-end=\"762\" style=\"text-align: center;\">Chaque moniteur, coach ou guide est dipl\u00f4m\u00e9 dans sa sp\u00e9cialit\u00e9, garantissant un encadrement de qualit\u00e9, en toute s\u00e9curit\u00e9. Gr\u00e2ce \u00e0 leur parfaite connaissance du terrain et de la p\u00e9dagogie, ils adaptent chaque sortie au niveau des participants, \u00e0 la m\u00e9t\u00e9o et aux conditions du moment.<\/p>\n<p>&nbsp;<\/p>\n<p>[\/et_pb_text][\/et_pb_column][\/et_pb_row][et_pb_row column_structure=\u00a0\u00bb1_3,2_3&Prime; make_equal=\u00a0\u00bbon\u00a0\u00bb module_class=\u00a0\u00bbfull-section-headshot\u00a0\u00bb _builder_version=\u00a0\u00bb4.27.4&Prime; _module_preset=\u00a0\u00bbdefault\u00a0\u00bb positioning=\u00a0\u00bbnone\u00a0\u00bb global_colors_info=\u00a0\u00bb{}\u00a0\u00bb][et_pb_column type=\u00a0\u00bb1_3&Prime; module_class=\u00a0\u00bbcolumn1&Prime; _builder_version=\u00a0\u00bb4.27.4&Prime; _module_preset=\u00a0\u00bbdefault\u00a0\u00bb custom_css_free_form=\u00a0\u00bb@media only screen and (min-width:321px) and (max-width:768px){||||.column1 {||  width:30%;||  margin-right:10%;||  }||}\u00a0\u00bb global_colors_info=\u00a0\u00bb{}\u00a0\u00bb][et_pb_image src=\u00a0\u00bbhttps:\/\/new.verbier-ride.com\/wp-content\/uploads\/2025\/05\/Adrien-e1747651658394.png\u00a0\u00bb title_text=\u00a0\u00bbAdrien\u00a0\u00bb _builder_version=\u00a0\u00bb4.27.4&Prime; _module_preset=\u00a0\u00bbdefault\u00a0\u00bb width=\u00a0\u00bb70%\u00a0\u00bb module_alignment=\u00a0\u00bbcenter\u00a0\u00bb custom_margin=\u00a0\u00bb||-4px|||\u00a0\u00bb global_colors_info=\u00a0\u00bb{}\u00a0\u00bb][\/et_pb_image][\/et_pb_column][et_pb_column type=\u00a0\u00bb2_3&Prime; module_class=\u00a0\u00bbcolumn2&Prime; _builder_version=\u00a0\u00bb4.27.4&Prime; _module_preset=\u00a0\u00bbdefault\u00a0\u00bb global_colors_info=\u00a0\u00bb{}\u00a0\u00bb][et_pb_heading title=\u00a0\u00bbAdri\u00a0\u00bb _builder_version=\u00a0\u00bb4.27.4&Prime; _module_preset=\u00a0\u00bbdefault\u00a0\u00bb title_font=\u00a0\u00bb|600|||||||\u00a0\u00bb custom_margin=\u00a0\u00bb||14px|||\u00a0\u00bb global_colors_info=\u00a0\u00bb{}\u00a0\u00bb][\/et_pb_heading][et_pb_heading title=\u00a0\u00bbLa force tranquile\u00a0\u00bb _builder_version=\u00a0\u00bb4.27.4&Prime; _module_preset=\u00a0\u00bbdefault\u00a0\u00bb title_level=\u00a0\u00bbh4&Prime; custom_margin=\u00a0\u00bb-13px||22px|||\u00a0\u00bb global_colors_info=\u00a0\u00bb{}\u00a0\u00bb][\/et_pb_heading][et_pb_text _builder_version=\u00a0\u00bb4.27.4&Prime; _module_preset=\u00a0\u00bbdefault\u00a0\u00bb custom_margin=\u00a0\u00bb-21px|||||\u00a0\u00bb global_colors_info=\u00a0\u00bb{}\u00a0\u00bb]<\/p>\n<p data-start=\"100\" data-end=\"412\">Mountain biker et skieur dans l\u2019\u00e2me, Adrien est originaire de la r\u00e9gion d\u2019Annecy. Il a perfectionn\u00e9 ses comp\u00e9tences pendant pr\u00e8s de 5 ans \u00e0 Whistler-Blackcomb, au Canada, l\u2019un des temples mondiaux du freeride. \u00c0 son retour en Europe, c\u2019est la grandeur et la libert\u00e9 des pentes de Verbier qui l\u2019ont conquis. Titulaire du Brevet F\u00e9d\u00e9ral Suisse de Professeur de Sports de Neige ainsi que du Brevet d\u2019\u00c9tat Fran\u00e7ais de Moniteur\/Guide de V\u00e9lo, Adrien sillonne les sentiers et les montagnes du monde depuis plus de 12 ans pour des tour-op\u00e9rateurs internationaux. Ses terrains de jeu favoris ? La France, la Suisse, l\u2019Italie, le Maroc, le Vietnam, la Croatie, les \u00c9tats-Unis\u2026 et bien s\u00fbr le Canada \u2014 juste derri\u00e8re les Alpes dans son c\u0153ur ! Aujourd\u2019hui, Adrien vous propose un coaching technique personnalis\u00e9 pour faire progresser votre riding, et surtout, vous emmener sur ses meilleurs spots, l\u00e0 o\u00f9 la montagne offre le plus beau d\u2019elle-m\u00eame. Pr\u00e9parez-vous \u00e0 une aventure inoubliable, encadr\u00e9e par un passionn\u00e9.<\/p>\n<p>[\/et_pb_text][\/et_pb_column][\/et_pb_row][et_pb_row column_structure=\u00a0\u00bb1_3,2_3&Prime; make_equal=\u00a0\u00bbon\u00a0\u00bb module_class=\u00a0\u00bbfull-section-headshot\u00a0\u00bb _builder_version=\u00a0\u00bb4.27.4&Prime; _module_preset=\u00a0\u00bbdefault\u00a0\u00bb positioning=\u00a0\u00bbnone\u00a0\u00bb min_height=\u00a0\u00bb359.2px\u00a0\u00bb global_colors_info=\u00a0\u00bb{}\u00a0\u00bb][et_pb_column type=\u00a0\u00bb1_3&Prime; module_class=\u00a0\u00bbcolumn1&Prime; _builder_version=\u00a0\u00bb4.27.4&Prime; _module_preset=\u00a0\u00bbdefault\u00a0\u00bb global_colors_info=\u00a0\u00bb{}\u00a0\u00bb][et_pb_image src=\u00a0\u00bbhttps:\/\/new.verbier-ride.com\/wp-content\/uploads\/2025\/05\/diego-le-yeti-suisse-e1747409779928.jpg\u00a0\u00bb title_text=\u00a0\u00bbScreenshot\u00a0\u00bb _builder_version=\u00a0\u00bb4.27.4&Prime; _module_preset=\u00a0\u00bbdefault\u00a0\u00bb width=\u00a0\u00bb70%\u00a0\u00bb module_alignment=\u00a0\u00bbcenter\u00a0\u00bb custom_margin=\u00a0\u00bb||-4px|||\u00a0\u00bb global_colors_info=\u00a0\u00bb{}\u00a0\u00bb][\/et_pb_image][\/et_pb_column][et_pb_column type=\u00a0\u00bb2_3&Prime; module_class=\u00a0\u00bbcolumn2&Prime; _builder_version=\u00a0\u00bb4.27.4&Prime; _module_preset=\u00a0\u00bbdefault\u00a0\u00bb global_colors_info=\u00a0\u00bb{}\u00a0\u00bb][et_pb_heading title=\u00a0\u00bbDi\u00e9go \u00a0\u00bb _builder_version=\u00a0\u00bb4.27.4&Prime; _module_preset=\u00a0\u00bbdefault\u00a0\u00bb title_font=\u00a0\u00bb|600|||||||\u00a0\u00bb custom_margin=\u00a0\u00bb||7px|||\u00a0\u00bb global_colors_info=\u00a0\u00bb{}\u00a0\u00bb][\/et_pb_heading][et_pb_heading title=\u00a0\u00bbContre vent et temp\u00eates\u00a0\u00bb _builder_version=\u00a0\u00bb4.27.4&Prime; _module_preset=\u00a0\u00bbdefault\u00a0\u00bb title_level=\u00a0\u00bbh4&Prime; custom_margin=\u00a0\u00bb||1px|||\u00a0\u00bb global_colors_info=\u00a0\u00bb{}\u00a0\u00bb][\/et_pb_heading][et_pb_text _builder_version=\u00a0\u00bb4.27.4&Prime; _module_preset=\u00a0\u00bbdefault\u00a0\u00bb custom_padding=\u00a0\u00bb||3px|||\u00a0\u00bb global_colors_info=\u00a0\u00bb{}\u00a0\u00bb]<\/p>\n<p data-start=\"136\" data-end=\"471\">On le surnomme le Y\u00e9ti suisse. Qu\u2019il pleuve, qu\u2019il neige ou qu\u2019il vente, rien ne l\u2019arr\u00eate \u2014 surtout pas le froid. Toujours en short, m\u00eame sur son v\u00e9lo en plein hiver, il est une l\u00e9gende locale.<br data-start=\"335\" data-end=\"338\" \/>La Suisse, il la conna\u00eet comme sa poche. Chaque sommet, chaque vall\u00e9e a son histoire, et il adore les partager pendant vos sorties. Sa passion ? Vous faire d\u00e9couvrir les sentiers sauvages du Jura suisse et ses coins secrets. Envie de bons vins et de singles en for\u00eat ? Passez le voir dans le canton de Vaud, il saura vous guider comme personne.<\/p>\n<p>[\/et_pb_text][\/et_pb_column][\/et_pb_row][et_pb_row column_structure=\u00a0\u00bb1_3,2_3&Prime; make_equal=\u00a0\u00bbon\u00a0\u00bb module_class=\u00a0\u00bbfull-section-headshot\u00a0\u00bb _builder_version=\u00a0\u00bb4.27.4&Prime; _module_preset=\u00a0\u00bbdefault\u00a0\u00bb positioning=\u00a0\u00bbnone\u00a0\u00bb custom_margin=\u00a0\u00bb18px|auto||auto||\u00a0\u00bb global_colors_info=\u00a0\u00bb{}\u00a0\u00bb][et_pb_column type=\u00a0\u00bb1_3&Prime; module_class=\u00a0\u00bbcolumn1&Prime; _builder_version=\u00a0\u00bb4.27.4&Prime; _module_preset=\u00a0\u00bbdefault\u00a0\u00bb global_colors_info=\u00a0\u00bb{}\u00a0\u00bb][et_pb_image src=\u00a0\u00bbhttps:\/\/new.verbier-ride.com\/wp-content\/uploads\/2025\/05\/Paulo-e1747651703433.png\u00a0\u00bb title_text=\u00a0\u00bbPaulo\u00a0\u00bb _builder_version=\u00a0\u00bb4.27.4&Prime; _module_preset=\u00a0\u00bbdefault\u00a0\u00bb width=\u00a0\u00bb70%\u00a0\u00bb module_alignment=\u00a0\u00bbcenter\u00a0\u00bb custom_margin=\u00a0\u00bb||-4px|||\u00a0\u00bb global_colors_info=\u00a0\u00bb{}\u00a0\u00bb][\/et_pb_image][\/et_pb_column][et_pb_column type=\u00a0\u00bb2_3&Prime; module_class=\u00a0\u00bbcolumn2&Prime; _builder_version=\u00a0\u00bb4.27.4&Prime; _module_preset=\u00a0\u00bbdefault\u00a0\u00bb global_colors_info=\u00a0\u00bb{}\u00a0\u00bb][et_pb_heading title=\u00a0\u00bbPaul \u00a0\u00bb _builder_version=\u00a0\u00bb4.27.4&Prime; _module_preset=\u00a0\u00bbdefault\u00a0\u00bb title_font=\u00a0\u00bb|600|||||||\u00a0\u00bb custom_margin=\u00a0\u00bb||14px|||\u00a0\u00bb global_colors_info=\u00a0\u00bb{}\u00a0\u00bb][\/et_pb_heading][et_pb_heading title=\u00a0\u00bbFlying rocket\u00a0\u00bb _builder_version=\u00a0\u00bb4.27.4&Prime; _module_preset=\u00a0\u00bbdefault\u00a0\u00bb title_level=\u00a0\u00bbh4&Prime; custom_margin=\u00a0\u00bb-1px||1px|||\u00a0\u00bb global_colors_info=\u00a0\u00bb{}\u00a0\u00bb][\/et_pb_heading][et_pb_text _builder_version=\u00a0\u00bb4.27.4&Prime; _module_preset=\u00a0\u00bbdefault\u00a0\u00bb global_colors_info=\u00a0\u00bb{}\u00a0\u00bb]<\/p>\n<p data-start=\"76\" data-end=\"346\">Avant le v\u00e9lo, Paul \u00e9tait pro kitesurfeur. Comme pour tous les sports qu\u2019il touche, il n\u2019a pas mis longtemps \u00e0 exceller une fois en selle. Aujourd\u2019hui, il fait partie d\u2019un team de riders qui parcourt le monde \u00e0 la recherche de nouveaux spots, tournages \u00e0 la cl\u00e9. En 2018, il passe son dipl\u00f4me de moniteur-guide de VTT, et depuis, il partage sa passion aux quatre coins du globe.<br data-start=\"463\" data-end=\"466\" \/>Verbier ? C\u2019est l\u2019un de ses terrains de jeu favoris.<\/p>\n<p>[\/et_pb_text][\/et_pb_column][\/et_pb_row][et_pb_row column_structure=\u00a0\u00bb1_3,2_3&Prime; make_equal=\u00a0\u00bbon\u00a0\u00bb module_class=\u00a0\u00bbfull-section-headshot\u00a0\u00bb _builder_version=\u00a0\u00bb4.27.4&Prime; _module_preset=\u00a0\u00bbdefault\u00a0\u00bb positioning=\u00a0\u00bbnone\u00a0\u00bb global_colors_info=\u00a0\u00bb{}\u00a0\u00bb][et_pb_column type=\u00a0\u00bb1_3&Prime; module_class=\u00a0\u00bbcolumn1&Prime; _builder_version=\u00a0\u00bb4.27.4&Prime; _module_preset=\u00a0\u00bbdefault\u00a0\u00bb global_colors_info=\u00a0\u00bb{}\u00a0\u00bb][et_pb_image src=\u00a0\u00bbhttps:\/\/new.verbier-ride.com\/wp-content\/uploads\/2025\/05\/laurette-e1747651718955.png\u00a0\u00bb title_text=\u00a0\u00bblaurette\u00a0\u00bb _builder_version=\u00a0\u00bb4.27.4&Prime; _module_preset=\u00a0\u00bbdefault\u00a0\u00bb width=\u00a0\u00bb70%\u00a0\u00bb module_alignment=\u00a0\u00bbcenter\u00a0\u00bb custom_margin=\u00a0\u00bb||-4px|||\u00a0\u00bb global_colors_info=\u00a0\u00bb{}\u00a0\u00bb][\/et_pb_image][\/et_pb_column][et_pb_column type=\u00a0\u00bb2_3&Prime; module_class=\u00a0\u00bbcolumn2&Prime; _builder_version=\u00a0\u00bb4.27.4&Prime; _module_preset=\u00a0\u00bbdefault\u00a0\u00bb global_colors_info=\u00a0\u00bb{}\u00a0\u00bb][et_pb_heading title=\u00a0\u00bbLaure \u00a0\u00bb _builder_version=\u00a0\u00bb4.27.4&Prime; _module_preset=\u00a0\u00bbdefault\u00a0\u00bb title_font=\u00a0\u00bb|600|||||||\u00a0\u00bb custom_margin=\u00a0\u00bb||5px|||\u00a0\u00bb global_colors_info=\u00a0\u00bb{}\u00a0\u00bb][\/et_pb_heading][et_pb_heading title=\u00a0\u00bbToujours dans la roue des meilleurs\u00a0\u00bb _builder_version=\u00a0\u00bb4.27.4&Prime; _module_preset=\u00a0\u00bbdefault\u00a0\u00bb title_level=\u00a0\u00bbh4&Prime; custom_margin=\u00a0\u00bb||4px|||\u00a0\u00bb global_colors_info=\u00a0\u00bb{}\u00a0\u00bb][\/et_pb_heading][et_pb_text _builder_version=\u00a0\u00bb4.27.4&Prime; _module_preset=\u00a0\u00bbdefault\u00a0\u00bb global_colors_info=\u00a0\u00bb{}\u00a0\u00bb]<\/p>\n<p data-start=\"93\" data-end=\"367\">Laure excelle dans tout ce qu\u2019elle entreprend. Titres en freeride qualifier \u00e0 ski, descentes engag\u00e9es dans le bike park de Whistler \u2014 elle n\u2019a peur de rien. Comme elle aime le dire : <em data-start=\"282\" data-end=\"367\">\u00ab Attendez-moi en haut, je prends mon temps\u2026 pour aller plus vite \u00e0 la descente ! \u00bb. <\/em>Install\u00e9e \u00e0 Verbier depuis 5 ans, elle conna\u00eet d\u00e9sormais plus de singles que bien des locaux. Amoureuse de la montagne, elle partage volontiers ses coins secrets : myrtilles, champignons\u2026 et sentiers cach\u00e9s du c\u00f4t\u00e9 de Bruson. Avec Laure, attendez-vous \u00e0 un coaching aff\u00fbt\u00e9 et une belle dose d\u2019aventure.<\/p>\n<p>[\/et_pb_text][\/et_pb_column][\/et_pb_row][\/et_pb_section]<\/p>\n","protected":false},"excerpt":{"rendered":"<p>Verbier-Ride, c\u2019est avant tout une \u00e9quipe de passionn\u00e9s de v\u00e9lo et de ski.Nous nous sommes rencontr\u00e9s au fil des formations ou au sein de diff\u00e9rentes \u00e9coles de ski et agences d\u2019aventure. Forts de ces exp\u00e9riences partag\u00e9es, nous avons d\u00e9cid\u00e9 d\u2019unir nos comp\u00e9tences pour cr\u00e9er nos propres aventures, \u00e0 notre image. Chaque moniteur, coach ou guide [&hellip;]<\/p>\n","protected":false},"author":2,"featured_media":0,"parent":0,"menu_order":0,"comment_status":"closed","ping_status":"closed","template":"","meta":{"_et_pb_use_builder":"on","_et_pb_old_content":"","_et_gb_content_width":"","footnotes":""},"class_list":["post-134","page","type-page","status-publish","hentry"],"yoast_head":"<!-- This site is optimized with the Yoast SEO plugin v25.8 - https:\/\/yoast.com\/wordpress\/plugins\/seo\/ -->\n<title>Notre Equippe - Verbier-ride 2.0<\/title>\n<meta name=\"robots\" content=\"index, follow, max-snippet:-1, max-image-preview:large, max-video-preview:-1\" \/>\n<link rel=\"canonical\" href=\"https:\/\/verbier-ride.com\/fr\/notre-equippe\/\" \/>\n<meta property=\"og:locale\" content=\"fr_FR\" \/>\n<meta property=\"og:type\" content=\"article\" \/>\n<meta property=\"og:title\" content=\"Notre Equippe - Verbier-ride 2.0\" \/>\n<meta property=\"og:description\" content=\"Verbier-Ride, c\u2019est avant tout une \u00e9quipe de passionn\u00e9s de v\u00e9lo et de ski.Nous nous sommes rencontr\u00e9s au fil des formations ou au sein de diff\u00e9rentes \u00e9coles de ski et agences d\u2019aventure. Forts de ces exp\u00e9riences partag\u00e9es, nous avons d\u00e9cid\u00e9 d\u2019unir nos comp\u00e9tences pour cr\u00e9er nos propres aventures, \u00e0 notre image. Chaque moniteur, coach ou guide [&hellip;]\" \/>\n<meta property=\"og:url\" content=\"https:\/\/verbier-ride.com\/fr\/notre-equippe\/\" \/>\n<meta property=\"og:site_name\" content=\"Verbier-ride 2.0\" \/>\n<meta property=\"article:modified_time\" content=\"2025-06-19T05:42:00+00:00\" \/>\n<meta name=\"twitter:card\" content=\"summary_large_image\" \/>\n<script type=\"application\/ld+json\" class=\"yoast-schema-graph\">{\"@context\":\"https:\/\/schema.org\",\"@graph\":[{\"@type\":\"WebPage\",\"@id\":\"https:\/\/verbier-ride.com\/fr\/notre-equippe\/\",\"url\":\"https:\/\/verbier-ride.com\/fr\/notre-equippe\/\",\"name\":\"Notre Equippe - Verbier-ride 2.0\",\"isPartOf\":{\"@id\":\"https:\/\/verbier-ride.com\/#website\"},\"datePublished\":\"2025-05-09T07:50:24+00:00\",\"dateModified\":\"2025-06-19T05:42:00+00:00\",\"breadcrumb\":{\"@id\":\"https:\/\/verbier-ride.com\/fr\/notre-equippe\/#breadcrumb\"},\"inLanguage\":\"fr-FR\",\"potentialAction\":[{\"@type\":\"ReadAction\",\"target\":[\"https:\/\/verbier-ride.com\/fr\/notre-equippe\/\"]}]},{\"@type\":\"BreadcrumbList\",\"@id\":\"https:\/\/verbier-ride.com\/fr\/notre-equippe\/#breadcrumb\",\"itemListElement\":[{\"@type\":\"ListItem\",\"position\":1,\"name\":\"Home\",\"item\":\"https:\/\/verbier-ride.com\/fr\/\"},{\"@type\":\"ListItem\",\"position\":2,\"name\":\"Notre Equippe\"}]},{\"@type\":\"WebSite\",\"@id\":\"https:\/\/verbier-ride.com\/#website\",\"url\":\"https:\/\/verbier-ride.com\/\",\"name\":\"Verbier RIDE\",\"description\":\"Explorez Verbier en VTT ou e-bike avec des guides pros, une \u00e9cole certifi\u00e9e et des v\u00e9los \u00e0 louer. Une exp\u00e9rience tout-terrain inoubliable !\",\"potentialAction\":[{\"@type\":\"SearchAction\",\"target\":{\"@type\":\"EntryPoint\",\"urlTemplate\":\"https:\/\/verbier-ride.com\/?s={search_term_string}\"},\"query-input\":{\"@type\":\"PropertyValueSpecification\",\"valueRequired\":true,\"valueName\":\"search_term_string\"}}],\"inLanguage\":\"fr-FR\"}]}<\/script>\n<!-- \/ Yoast SEO plugin. -->","yoast_head_json":{"title":"Notre Equippe - Verbier-ride 2.0","robots":{"index":"index","follow":"follow","max-snippet":"max-snippet:-1","max-image-preview":"max-image-preview:large","max-video-preview":"max-video-preview:-1"},"canonical":"https:\/\/verbier-ride.com\/fr\/notre-equippe\/","og_locale":"fr_FR","og_type":"article","og_title":"Notre Equippe - Verbier-ride 2.0","og_description":"Verbier-Ride, c\u2019est avant tout une \u00e9quipe de passionn\u00e9s de v\u00e9lo et de ski.Nous nous sommes rencontr\u00e9s au fil des formations ou au sein de diff\u00e9rentes \u00e9coles de ski et agences d\u2019aventure. Forts de ces exp\u00e9riences partag\u00e9es, nous avons d\u00e9cid\u00e9 d\u2019unir nos comp\u00e9tences pour cr\u00e9er nos propres aventures, \u00e0 notre image. Chaque moniteur, coach ou guide [&hellip;]","og_url":"https:\/\/verbier-ride.com\/fr\/notre-equippe\/","og_site_name":"Verbier-ride 2.0","article_modified_time":"2025-06-19T05:42:00+00:00","twitter_card":"summary_large_image","schema":{"@context":"https:\/\/schema.org","@graph":[{"@type":"WebPage","@id":"https:\/\/verbier-ride.com\/fr\/notre-equippe\/","url":"https:\/\/verbier-ride.com\/fr\/notre-equippe\/","name":"Notre Equippe - Verbier-ride 2.0","isPartOf":{"@id":"https:\/\/verbier-ride.com\/#website"},"datePublished":"2025-05-09T07:50:24+00:00","dateModified":"2025-06-19T05:42:00+00:00","breadcrumb":{"@id":"https:\/\/verbier-ride.com\/fr\/notre-equippe\/#breadcrumb"},"inLanguage":"fr-FR","potentialAction":[{"@type":"ReadAction","target":["https:\/\/verbier-ride.com\/fr\/notre-equippe\/"]}]},{"@type":"BreadcrumbList","@id":"https:\/\/verbier-ride.com\/fr\/notre-equippe\/#breadcrumb","itemListElement":[{"@type":"ListItem","position":1,"name":"Home","item":"https:\/\/verbier-ride.com\/fr\/"},{"@type":"ListItem","position":2,"name":"Notre Equippe"}]},{"@type":"WebSite","@id":"https:\/\/verbier-ride.com\/#website","url":"https:\/\/verbier-ride.com\/","name":"Verbier RIDE","description":"Explorez Verbier en VTT ou e-bike avec des guides pros, une \u00e9cole certifi\u00e9e et des v\u00e9los \u00e0 louer. Une exp\u00e9rience tout-terrain inoubliable !","potentialAction":[{"@type":"SearchAction","target":{"@type":"EntryPoint","urlTemplate":"https:\/\/verbier-ride.com\/?s={search_term_string}"},"query-input":{"@type":"PropertyValueSpecification","valueRequired":true,"valueName":"search_term_string"}}],"inLanguage":"fr-FR"}]}},"_links":{"self":[{"href":"https:\/\/verbier-ride.com\/fr\/wp-json\/wp\/v2\/pages\/134","targetHints":{"allow":["GET"]}}],"collection":[{"href":"https:\/\/verbier-ride.com\/fr\/wp-json\/wp\/v2\/pages"}],"about":[{"href":"https:\/\/verbier-ride.com\/fr\/wp-json\/wp\/v2\/types\/page"}],"author":[{"embeddable":true,"href":"https:\/\/verbier-ride.com\/fr\/wp-json\/wp\/v2\/users\/2"}],"replies":[{"embeddable":true,"href":"https:\/\/verbier-ride.com\/fr\/wp-json\/wp\/v2\/comments?post=134"}],"version-history":[{"count":13,"href":"https:\/\/verbier-ride.com\/fr\/wp-json\/wp\/v2\/pages\/134\/revisions"}],"predecessor-version":[{"id":1207,"href":"https:\/\/verbier-ride.com\/fr\/wp-json\/wp\/v2\/pages\/134\/revisions\/1207"}],"wp:attachment":[{"href":"https:\/\/verbier-ride.com\/fr\/wp-json\/wp\/v2\/media?parent=134"}],"curies":[{"name":"wp","href":"https:\/\/api.w.org\/{rel}","templated":true}]}}