{"id":166,"date":"2025-05-09T07:58:53","date_gmt":"2025-05-09T07:58:53","guid":{"rendered":"https:\/\/new.verbier-ride.com\/?page_id=166"},"modified":"2025-07-21T10:21:23","modified_gmt":"2025-07-21T10:21:23","slug":"location-vtt-et-e-bike-verbier","status":"publish","type":"page","link":"https:\/\/verbier-ride.com\/fr\/location-vtt-et-e-bike-verbier\/","title":{"rendered":"Location VTT et E-bike"},"content":{"rendered":"<p>[et_pb_section fb_built=\u00a0\u00bb1&Prime; _builder_version=\u00a0\u00bb4.27.4&Prime; _module_preset=\u00a0\u00bbdefault\u00a0\u00bb use_background_color_gradient=\u00a0\u00bbon\u00a0\u00bb background_color_gradient_stops=\u00a0\u00bbrgba(0,0,0,0.41) 0%|rgba(0,0,0,0.55) 99%\u00a0\u00bb background_color_gradient_overlays_image=\u00a0\u00bbon\u00a0\u00bb background_image=\u00a0\u00bbhttps:\/\/new.verbier-ride.com\/wp-content\/uploads\/2025\/05\/Verbier-sign-e1747823601681.jpg\u00a0\u00bb parallax=\u00a0\u00bbon\u00a0\u00bb parallax_method=\u00a0\u00bboff\u00a0\u00bb height=\u00a0\u00bb400px\u00a0\u00bb da_disable_devices=\u00a0\u00bboff|off|off\u00a0\u00bb global_colors_info=\u00a0\u00bb{}\u00a0\u00bb da_is_popup=\u00a0\u00bboff\u00a0\u00bb da_exit_intent=\u00a0\u00bboff\u00a0\u00bb da_has_close=\u00a0\u00bbon\u00a0\u00bb da_alt_close=\u00a0\u00bboff\u00a0\u00bb da_dark_close=\u00a0\u00bboff\u00a0\u00bb da_not_modal=\u00a0\u00bbon\u00a0\u00bb da_is_singular=\u00a0\u00bboff\u00a0\u00bb da_with_loader=\u00a0\u00bboff\u00a0\u00bb da_has_shadow=\u00a0\u00bbon\u00a0\u00bb][et_pb_row _builder_version=\u00a0\u00bb4.27.4&Prime; _module_preset=\u00a0\u00bbdefault\u00a0\u00bb positioning=\u00a0\u00bbabsolute\u00a0\u00bb position_origin_a=\u00a0\u00bbcenter_center\u00a0\u00bb global_colors_info=\u00a0\u00bb{}\u00a0\u00bb][et_pb_column type=\u00a0\u00bb4_4&Prime; _builder_version=\u00a0\u00bb4.27.4&Prime; _module_preset=\u00a0\u00bbdefault\u00a0\u00bb global_colors_info=\u00a0\u00bb{}\u00a0\u00bb][et_pb_heading title=\u00a0\u00bbLocation VTT et E-bike Verbier\u00a0\u00bb _builder_version=\u00a0\u00bb4.27.4&Prime; _module_preset=\u00a0\u00bbdefault\u00a0\u00bb title_font=\u00a0\u00bb|600|||||||\u00a0\u00bb title_text_align=\u00a0\u00bbcenter\u00a0\u00bb title_text_color=\u00a0\u00bb#FFFFFF\u00a0\u00bb title_font_size=\u00a0\u00bb45px\u00a0\u00bb background_enable_image=\u00a0\u00bboff\u00a0\u00bb positioning=\u00a0\u00bbabsolute\u00a0\u00bb position_origin_a=\u00a0\u00bbcenter_center\u00a0\u00bb width=\u00a0\u00bb100%\u00a0\u00bb hover_enabled=\u00a0\u00bb0&Prime; title_text_shadow_style=\u00a0\u00bbpreset2&Prime; global_colors_info=\u00a0\u00bb{}\u00a0\u00bb sticky_enabled=\u00a0\u00bb0&Prime;][\/et_pb_heading][\/et_pb_column][\/et_pb_row][\/et_pb_section][et_pb_section fb_built=\u00a0\u00bb1&Prime; _builder_version=\u00a0\u00bb4.27.4&Prime; _module_preset=\u00a0\u00bbdefault\u00a0\u00bb custom_margin=\u00a0\u00bb0px|||||\u00a0\u00bb custom_padding=\u00a0\u00bb42px||60px|||\u00a0\u00bb da_disable_devices=\u00a0\u00bboff|off|off\u00a0\u00bb global_colors_info=\u00a0\u00bb{}\u00a0\u00bb da_is_popup=\u00a0\u00bboff\u00a0\u00bb da_exit_intent=\u00a0\u00bboff\u00a0\u00bb da_has_close=\u00a0\u00bbon\u00a0\u00bb da_alt_close=\u00a0\u00bboff\u00a0\u00bb da_dark_close=\u00a0\u00bboff\u00a0\u00bb da_not_modal=\u00a0\u00bbon\u00a0\u00bb da_is_singular=\u00a0\u00bboff\u00a0\u00bb da_with_loader=\u00a0\u00bboff\u00a0\u00bb da_has_shadow=\u00a0\u00bbon\u00a0\u00bb][et_pb_row _builder_version=\u00a0\u00bb4.27.4&Prime; _module_preset=\u00a0\u00bbdefault\u00a0\u00bb custom_padding=\u00a0\u00bb18px|||||\u00a0\u00bb global_colors_info=\u00a0\u00bb{}\u00a0\u00bb][et_pb_column type=\u00a0\u00bb4_4&Prime; _builder_version=\u00a0\u00bb4.27.4&Prime; _module_preset=\u00a0\u00bbdefault\u00a0\u00bb global_colors_info=\u00a0\u00bb{}\u00a0\u00bb][et_pb_heading title=\u00a0\u00bbE-Bike : explorez Verbier autrement\u00a0\u00bb _builder_version=\u00a0\u00bb4.27.4&Prime; _module_preset=\u00a0\u00bbdefault\u00a0\u00bb title_text_align=\u00a0\u00bbcenter\u00a0\u00bb custom_margin=\u00a0\u00bb||12px|||\u00a0\u00bb global_colors_info=\u00a0\u00bb{}\u00a0\u00bb][\/et_pb_heading][et_pb_text _builder_version=\u00a0\u00bb4.27.4&Prime; _module_preset=\u00a0\u00bbdefault\u00a0\u00bb width=\u00a0\u00bb80%\u00a0\u00bb module_alignment=\u00a0\u00bbcenter\u00a0\u00bb custom_margin=\u00a0\u00bb||4px|||\u00a0\u00bb global_colors_info=\u00a0\u00bb{}\u00a0\u00bb]<\/p>\n<p data-start=\"85\" data-end=\"419\" style=\"text-align: center;\">Envie de d\u00e9couvrir Verbier et ses alentours sans finir sur les rotules ?<br data-start=\"161\" data-end=\"164\" \/>Nos VTT \u00e9lectriques tout-suspendus (suspension avant et arri\u00e8re) sont l\u00e0 pour \u00e7a ! Puissants, confortables et ludiques, ils vous emm\u00e8nent sur les plus beaux sentiers alpins, entre for\u00eats, alpages et panoramas \u00e0 couper le souffle \u2014 le tout, \u00e0 votre rythme.<\/p>\n<p data-start=\"421\" data-end=\"578\" style=\"text-align: center;\">Sortie sportive ou balade tranquille ? \u00c0 vous de choisir.<br data-start=\"478\" data-end=\"481\" \/>On s\u2019occupe du reste : livraison du v\u00e9lo directement \u00e0 votre h\u00f4tel ou chez vous, sans tracas.<\/p>\n<p data-start=\"580\" data-end=\"712\" style=\"text-align: center;\">Avec Verbier Ride, partez \u00e0 l\u2019aventure en toute libert\u00e9, boost\u00e9 par l\u2019assistance \u00e9lectrique. Le plaisir du VTT, sans la fatigue.<\/p>\n<p>[\/et_pb_text][ba_image_carousel content_alignment=\u00a0\u00bbcenter\u00a0\u00bb use_nav=\u00a0\u00bboff\u00a0\u00bb use_pagi=\u00a0\u00bbon\u00a0\u00bb slide_count=\u00a0\u00bb4&Prime; nav_height=\u00a0\u00bb48px\u00a0\u00bb nav_width=\u00a0\u00bb48px\u00a0\u00bb nav_color=\u00a0\u00bb#ffffff\u00a0\u00bb nav_bg=\u00a0\u00bb#3979ff\u00a0\u00bb icon_left=\u00a0\u00bb&#xf104;||fa||900&Prime; icon_right=\u00a0\u00bb&#xf105;||fa||900&Prime; slide_count_tablet=\u00a0\u00bb2&Prime; slide_count_phone=\u00a0\u00bb1&Prime; slide_count_last_edited=\u00a0\u00bbon|phone\u00a0\u00bb _builder_version=\u00a0\u00bb4.27.4&Prime; _module_preset=\u00a0\u00bbdefault\u00a0\u00bb custom_margin=\u00a0\u00bb||||false|false\u00a0\u00bb custom_padding=\u00a0\u00bb||0px||false|false\u00a0\u00bb global_colors_info=\u00a0\u00bb{}\u00a0\u00bb][ba_image_carousel_child photo=\u00a0\u00bbhttps:\/\/new.verbier-ride.com\/wp-content\/uploads\/2025\/06\/Verbier-RIDE-bike-rental-bike-location-1.jpg\u00a0\u00bb image_height=\u00a0\u00bb250px\u00a0\u00bb image_hover_animation=\u00a0\u00bbzoom-in\u00a0\u00bb _builder_version=\u00a0\u00bb4.27.4&Prime; global_colors_info=\u00a0\u00bb{}\u00a0\u00bb][\/ba_image_carousel_child][ba_image_carousel_child photo=\u00a0\u00bbhttps:\/\/new.verbier-ride.com\/wp-content\/uploads\/2025\/06\/Verbier-RIDE-bike-rental-bike-location-4.jpg\u00a0\u00bb image_height=\u00a0\u00bb250px\u00a0\u00bb image_hover_animation=\u00a0\u00bbzoom-in\u00a0\u00bb _builder_version=\u00a0\u00bb4.27.4&Prime; global_colors_info=\u00a0\u00bb{}\u00a0\u00bb][\/ba_image_carousel_child][ba_image_carousel_child photo=\u00a0\u00bbhttps:\/\/new.verbier-ride.com\/wp-content\/uploads\/2025\/06\/Verbier-RIDE-bike-rental-bike-location-5.jpg\u00a0\u00bb image_height=\u00a0\u00bb250px\u00a0\u00bb image_hover_animation=\u00a0\u00bbzoom-in\u00a0\u00bb _builder_version=\u00a0\u00bb4.27.4&Prime; global_colors_info=\u00a0\u00bb{}\u00a0\u00bb][\/ba_image_carousel_child][ba_image_carousel_child photo=\u00a0\u00bbhttps:\/\/new.verbier-ride.com\/wp-content\/uploads\/2025\/06\/Verbier-RIDE-bike-rental-bike-location-6.jpg\u00a0\u00bb image_height=\u00a0\u00bb250px\u00a0\u00bb image_hover_animation=\u00a0\u00bbzoom-in\u00a0\u00bb _builder_version=\u00a0\u00bb4.27.4&Prime; global_colors_info=\u00a0\u00bb{}\u00a0\u00bb][\/ba_image_carousel_child][ba_image_carousel_child photo=\u00a0\u00bbhttps:\/\/new.verbier-ride.com\/wp-content\/uploads\/2025\/06\/Verbier-RIDE-bike-rental-bike-location-2.jpg\u00a0\u00bb image_height=\u00a0\u00bb250px\u00a0\u00bb image_hover_animation=\u00a0\u00bbzoom-in\u00a0\u00bb _builder_version=\u00a0\u00bb4.27.4&Prime; global_colors_info=\u00a0\u00bb{}\u00a0\u00bb][\/ba_image_carousel_child][ba_image_carousel_child photo=\u00a0\u00bbhttps:\/\/new.verbier-ride.com\/wp-content\/uploads\/2025\/06\/Verbier-RIDE-bike-rental-bike-location-3.jpg\u00a0\u00bb image_height=\u00a0\u00bb250px\u00a0\u00bb image_hover_animation=\u00a0\u00bbzoom-in\u00a0\u00bb _builder_version=\u00a0\u00bb4.27.4&Prime; _module_preset=\u00a0\u00bbdefault\u00a0\u00bb global_colors_info=\u00a0\u00bb{}\u00a0\u00bb][\/ba_image_carousel_child][\/ba_image_carousel][\/et_pb_column][\/et_pb_row][et_pb_row custom_padding_last_edited=\u00a0\u00bbon|phone\u00a0\u00bb _builder_version=\u00a0\u00bb4.27.4&Prime; _module_preset=\u00a0\u00bbdefault\u00a0\u00bb width_tablet=\u00a0\u00bb\u00a0\u00bb width_phone=\u00a0\u00bb90%\u00a0\u00bb width_last_edited=\u00a0\u00bbon|phone\u00a0\u00bb custom_margin=\u00a0\u00bb27px|auto||auto||\u00a0\u00bb custom_padding=\u00a0\u00bb50px|50px|50px|50px|true|true\u00a0\u00bb custom_padding_tablet=\u00a0\u00bb50px|50px|50px|50px|true|true\u00a0\u00bb custom_padding_phone=\u00a0\u00bb30px|30px|30px|30px|true|true\u00a0\u00bb border_radii=\u00a0\u00bbon|30px|30px|30px|30px\u00a0\u00bb box_shadow_style=\u00a0\u00bbpreset2&Prime; box_shadow_blur=\u00a0\u00bb23px\u00a0\u00bb box_shadow_color=\u00a0\u00bbrgba(0,0,0,0.17)\u00a0\u00bb global_colors_info=\u00a0\u00bb{}\u00a0\u00bb][et_pb_column type=\u00a0\u00bb4_4&Prime; _builder_version=\u00a0\u00bb4.27.4&Prime; _module_preset=\u00a0\u00bbdefault\u00a0\u00bb global_colors_info=\u00a0\u00bb{}\u00a0\u00bb][et_pb_text _builder_version=\u00a0\u00bb4.27.4&Prime; _module_preset=\u00a0\u00bbdefault\u00a0\u00bb text_orientation_tablet=\u00a0\u00bb\u00a0\u00bb text_orientation_phone=\u00a0\u00bbcenter\u00a0\u00bb text_orientation_last_edited=\u00a0\u00bbon|phone\u00a0\u00bb global_colors_info=\u00a0\u00bb{}\u00a0\u00bb]<\/p>\n<h3 style=\"text-align: center;\"><span style=\"color: #000000;\">Louer votre E-bike et nous le livrons directement <strong>chez vous ou \u00e0 votre hotel<\/strong>.<\/span><\/h3>\n<p data-start=\"138\" data-end=\"333\"><strong data-start=\"138\" data-end=\"267\"><\/strong><\/p>\n<p data-start=\"138\" data-end=\"333\"><strong data-start=\"138\" data-end=\"267\">Nos v\u00e9los \u00e9lectriques tout-suspendus, fabriqu\u00e9s en Suisse, sont \u00e9quip\u00e9s de moteurs Bosch et de batteries puissantes de 625 Wh<\/strong> \u2014 parfaits pour affronter les sentiers alpins en toute confiance.<\/p>\n<p data-start=\"138\" data-end=\"333\">Nous avons aussi une remoque.<\/p>\n<p data-start=\"335\" data-end=\"527\"><strong data-start=\"335\" data-end=\"367\">Conditions en cas de dommage<\/strong> :<br data-start=\"369\" data-end=\"372\" \/>Tout dommage sera factur\u00e9. Les pi\u00e8ces endommag\u00e9es sont factur\u00e9es au prix d\u2019achat. En cas de dommage irr\u00e9parable, une franchise de 2&rsquo;000 CHF sera appliqu\u00e9e.<\/p>\n<p data-start=\"529\" data-end=\"696\">\ud83d\udca1 <em data-start=\"532\" data-end=\"541\">Conseil<\/em> : v\u00e9rifiez que votre assurance responsabilit\u00e9 civile (m\u00e9nage) couvre les dommages ou vols de mat\u00e9riel de location. Cela peut vous \u00e9viter bien des soucis !<\/p>\n<p>[\/et_pb_text][et_pb_text _builder_version=\u00a0\u00bb4.27.4&Prime; _module_preset=\u00a0\u00bbdefault\u00a0\u00bb header_4_font_size_tablet=\u00a0\u00bb\u00a0\u00bb header_4_font_size_phone=\u00a0\u00bb16px\u00a0\u00bb header_4_font_size_last_edited=\u00a0\u00bbon|desktop\u00a0\u00bb global_colors_info=\u00a0\u00bb{}\u00a0\u00bb]<\/p>\n<table style=\"height: 168px; width: 100%; border-collapse: collapse; border-style: hidden;\" border=\"1\">\n<tbody>\n<tr style=\"height: 24px;\">\n<td style=\"width: 556.07px; height: 24px; text-align: center;\">\n<h4>1 jour<\/h4>\n<\/td>\n<td style=\"width: 506.328px; height: 24px; text-align: center;\">\n<h4>100 Chf<\/h4>\n<\/td>\n<\/tr>\n<tr style=\"height: 24px;\">\n<td style=\"width: 556.07px; height: 24px; text-align: center;\">\n<h4>2 jours<\/h4>\n<\/td>\n<td style=\"width: 506.328px; height: 24px; text-align: center;\">\n<h4>180 Chf<\/h4>\n<\/td>\n<\/tr>\n<tr style=\"height: 24px;\">\n<td style=\"width: 556.07px; height: 24px; text-align: center;\">\n<h4>3 jours<\/h4>\n<\/td>\n<td style=\"width: 506.328px; height: 24px; text-align: center;\">\n<h4>250 Chf<\/h4>\n<\/td>\n<\/tr>\n<tr style=\"height: 24px;\">\n<td style=\"width: 556.07px; height: 24px; text-align: center;\">\n<h4>4 jours<\/h4>\n<\/td>\n<td style=\"width: 506.328px; height: 24px; text-align: center;\">\n<h4>310 Chf<\/h4>\n<\/td>\n<\/tr>\n<tr style=\"height: 24px;\">\n<td style=\"width: 556.07px; height: 24px; text-align: center;\">\n<h4>5 jours<\/h4>\n<\/td>\n<td style=\"width: 506.328px; height: 24px; text-align: center;\">\n<h4>360 Chf<\/h4>\n<\/td>\n<\/tr>\n<tr style=\"height: 24px;\">\n<td style=\"width: 556.07px; height: 24px; text-align: center;\">\n<h4>6 jours<\/h4>\n<\/td>\n<td style=\"width: 506.328px; height: 24px; text-align: center;\">\n<h4>400 Chf<\/h4>\n<\/td>\n<\/tr>\n<tr style=\"height: 24px;\">\n<td style=\"width: 556.07px; height: 24px; text-align: center;\">\n<h4>remorque enfant 2 personnes<\/h4>\n<\/td>\n<td style=\"width: 506.328px; height: 24px; text-align: center;\">\n<h4>24 Chf<\/h4>\n<\/td>\n<\/tr>\n<tr>\n<td style=\"width: 556.07px; text-align: center;\">\n<h4>Porte v\u00e9lo attelage voiture Thule XT3<\/h4>\n<\/td>\n<td style=\"width: 506.328px; text-align: center;\">\n<h4>30Chf<\/h4>\n<\/td>\n<\/tr>\n<tr>\n<td style=\"width: 556.07px; text-align: center;\">\n<h4>Shot-gun si\u00e8ge pour enfant<\/h4>\n<\/td>\n<td style=\"width: 506.328px; text-align: center;\">\n<h4>25Chf<\/h4>\n<\/td>\n<\/tr>\n<\/tbody>\n<\/table>\n<p>[\/et_pb_text][\/et_pb_column][\/et_pb_row][et_pb_row custom_padding_last_edited=\u00a0\u00bbon|phone\u00a0\u00bb _builder_version=\u00a0\u00bb4.27.4&Prime; _module_preset=\u00a0\u00bbdefault\u00a0\u00bb width_tablet=\u00a0\u00bb\u00a0\u00bb width_phone=\u00a0\u00bb90%\u00a0\u00bb width_last_edited=\u00a0\u00bbon|phone\u00a0\u00bb custom_margin=\u00a0\u00bb63px|auto||auto||\u00a0\u00bb custom_padding=\u00a0\u00bb50px|50px|50px|50px|true|true\u00a0\u00bb custom_padding_tablet=\u00a0\u00bb50px|50px|50px|50px|true|true\u00a0\u00bb custom_padding_phone=\u00a0\u00bb30px|30px|30px|30px|true|true\u00a0\u00bb border_radii=\u00a0\u00bbon|30px|30px|30px|30px\u00a0\u00bb box_shadow_style=\u00a0\u00bbpreset2&Prime; box_shadow_blur=\u00a0\u00bb23px\u00a0\u00bb box_shadow_color=\u00a0\u00bbrgba(0,0,0,0.17)\u00a0\u00bb global_colors_info=\u00a0\u00bb{}\u00a0\u00bb][et_pb_column type=\u00a0\u00bb4_4&Prime; _builder_version=\u00a0\u00bb4.27.4&Prime; _module_preset=\u00a0\u00bbdefault\u00a0\u00bb global_colors_info=\u00a0\u00bb{}\u00a0\u00bb][et_pb_text _builder_version=\u00a0\u00bb4.27.4&Prime; _module_preset=\u00a0\u00bbdefault\u00a0\u00bb hover_enabled=\u00a0\u00bb0&Prime; text_orientation_tablet=\u00a0\u00bb\u00a0\u00bb text_orientation_phone=\u00a0\u00bbcenter\u00a0\u00bb text_orientation_last_edited=\u00a0\u00bbon|phone\u00a0\u00bb global_colors_info=\u00a0\u00bb{}\u00a0\u00bb sticky_enabled=\u00a0\u00bb0&Prime;]<\/p>\n<h2 style=\"text-align: center;\">Formulaire de r\u00e9servation et <a href=\"\/contact\">contact<\/a><\/h2>\n<p style=\"text-align: center;\">Utilisez le formulaire de contact ci-dessous pour location de VTT et E-bike Verbier et nous vous r\u00e9pondrons dans les plus brefs d\u00e9lais !<\/p>\n<p>[\/et_pb_text][wpforms_selector form_id=\u00a0\u00bb1347&Prime; _builder_version=\u00a0\u00bb4.27.4&Prime; _module_preset=\u00a0\u00bbdefault\u00a0\u00bb global_colors_info=\u00a0\u00bb{}\u00a0\u00bb][\/wpforms_selector][\/et_pb_column][\/et_pb_row][\/et_pb_section]<\/p>\n","protected":false},"excerpt":{"rendered":"<p>Envie de d\u00e9couvrir Verbier et ses alentours sans finir sur les rotules ?Nos VTT \u00e9lectriques tout-suspendus (suspension avant et arri\u00e8re) sont l\u00e0 pour \u00e7a ! Puissants, confortables et ludiques, ils vous emm\u00e8nent sur les plus beaux sentiers alpins, entre for\u00eats, alpages et panoramas \u00e0 couper le souffle \u2014 le tout, \u00e0 votre rythme. Sortie sportive [&hellip;]<\/p>\n","protected":false},"author":2,"featured_media":0,"parent":0,"menu_order":0,"comment_status":"closed","ping_status":"closed","template":"","meta":{"_et_pb_use_builder":"on","_et_pb_old_content":"<!-- wp:divi\/placeholder \/-->","_et_gb_content_width":"","footnotes":""},"class_list":["post-166","page","type-page","status-publish","hentry"],"yoast_head":"<!-- This site is optimized with the Yoast SEO plugin v25.8 - https:\/\/yoast.com\/wordpress\/plugins\/seo\/ -->\n<title>Location VTT et E-bike Verbier - Verbier RIDE<\/title>\n<meta name=\"description\" content=\"Location VTT et E-bike \u00e0 Verbier, Suisse. Location d&#039;\u00e9quipement de v\u00e9lo de haute qualit\u00e9 et consultation pour un ajustement parfait !\" \/>\n<meta name=\"robots\" content=\"index, follow, max-snippet:-1, max-image-preview:large, max-video-preview:-1\" \/>\n<link rel=\"canonical\" href=\"https:\/\/verbier-ride.com\/fr\/location-vtt-et-e-bike-verbier\/\" \/>\n<meta property=\"og:locale\" content=\"fr_FR\" \/>\n<meta property=\"og:type\" content=\"article\" \/>\n<meta property=\"og:title\" content=\"Location VTT et E-bike Verbier - Verbier RIDE\" \/>\n<meta property=\"og:description\" content=\"Location VTT et E-bike \u00e0 Verbier, Suisse. Location d&#039;\u00e9quipement de v\u00e9lo de haute qualit\u00e9 et consultation pour un ajustement parfait !\" \/>\n<meta property=\"og:url\" content=\"https:\/\/verbier-ride.com\/fr\/location-vtt-et-e-bike-verbier\/\" \/>\n<meta property=\"og:site_name\" content=\"Verbier-ride 2.0\" \/>\n<meta property=\"article:modified_time\" content=\"2025-07-21T10:21:23+00:00\" \/>\n<meta name=\"twitter:card\" content=\"summary_large_image\" \/>\n<meta name=\"twitter:label1\" content=\"Dur\u00e9e de lecture estim\u00e9e\" \/>\n\t<meta name=\"twitter:data1\" content=\"4 minutes\" \/>\n<script type=\"application\/ld+json\" class=\"yoast-schema-graph\">{\"@context\":\"https:\/\/schema.org\",\"@graph\":[{\"@type\":\"WebPage\",\"@id\":\"https:\/\/verbier-ride.com\/fr\/location-vtt-et-e-bike-verbier\/\",\"url\":\"https:\/\/verbier-ride.com\/fr\/location-vtt-et-e-bike-verbier\/\",\"name\":\"Location VTT et E-bike Verbier - Verbier RIDE\",\"isPartOf\":{\"@id\":\"https:\/\/verbier-ride.com\/fr\/#website\"},\"datePublished\":\"2025-05-09T07:58:53+00:00\",\"dateModified\":\"2025-07-21T10:21:23+00:00\",\"description\":\"Location VTT et E-bike \u00e0 Verbier, Suisse. Location d'\u00e9quipement de v\u00e9lo de haute qualit\u00e9 et consultation pour un ajustement parfait !\",\"breadcrumb\":{\"@id\":\"https:\/\/verbier-ride.com\/fr\/location-vtt-et-e-bike-verbier\/#breadcrumb\"},\"inLanguage\":\"fr-FR\",\"potentialAction\":[{\"@type\":\"ReadAction\",\"target\":[\"https:\/\/verbier-ride.com\/fr\/location-vtt-et-e-bike-verbier\/\"]}]},{\"@type\":\"BreadcrumbList\",\"@id\":\"https:\/\/verbier-ride.com\/fr\/location-vtt-et-e-bike-verbier\/#breadcrumb\",\"itemListElement\":[{\"@type\":\"ListItem\",\"position\":1,\"name\":\"Home\",\"item\":\"https:\/\/verbier-ride.com\/fr\/\"},{\"@type\":\"ListItem\",\"position\":2,\"name\":\"Location VTT et E-bike\"}]},{\"@type\":\"WebSite\",\"@id\":\"https:\/\/verbier-ride.com\/fr\/#website\",\"url\":\"https:\/\/verbier-ride.com\/fr\/\",\"name\":\"Verbier RIDE\",\"description\":\"Explorez Verbier en VTT ou e-bike avec des guides pros, une \u00e9cole certifi\u00e9e et des v\u00e9los \u00e0 louer. Une exp\u00e9rience tout-terrain inoubliable !\",\"potentialAction\":[{\"@type\":\"SearchAction\",\"target\":{\"@type\":\"EntryPoint\",\"urlTemplate\":\"https:\/\/verbier-ride.com\/fr\/?s={search_term_string}\"},\"query-input\":{\"@type\":\"PropertyValueSpecification\",\"valueRequired\":true,\"valueName\":\"search_term_string\"}}],\"inLanguage\":\"fr-FR\"}]}<\/script>\n<!-- \/ Yoast SEO plugin. -->","yoast_head_json":{"title":"Location VTT et E-bike Verbier - Verbier RIDE","description":"Location VTT et E-bike \u00e0 Verbier, Suisse. Location d'\u00e9quipement de v\u00e9lo de haute qualit\u00e9 et consultation pour un ajustement parfait !","robots":{"index":"index","follow":"follow","max-snippet":"max-snippet:-1","max-image-preview":"max-image-preview:large","max-video-preview":"max-video-preview:-1"},"canonical":"https:\/\/verbier-ride.com\/fr\/location-vtt-et-e-bike-verbier\/","og_locale":"fr_FR","og_type":"article","og_title":"Location VTT et E-bike Verbier - Verbier RIDE","og_description":"Location VTT et E-bike \u00e0 Verbier, Suisse. Location d'\u00e9quipement de v\u00e9lo de haute qualit\u00e9 et consultation pour un ajustement parfait !","og_url":"https:\/\/verbier-ride.com\/fr\/location-vtt-et-e-bike-verbier\/","og_site_name":"Verbier-ride 2.0","article_modified_time":"2025-07-21T10:21:23+00:00","twitter_card":"summary_large_image","twitter_misc":{"Dur\u00e9e de lecture estim\u00e9e":"4 minutes"},"schema":{"@context":"https:\/\/schema.org","@graph":[{"@type":"WebPage","@id":"https:\/\/verbier-ride.com\/fr\/location-vtt-et-e-bike-verbier\/","url":"https:\/\/verbier-ride.com\/fr\/location-vtt-et-e-bike-verbier\/","name":"Location VTT et E-bike Verbier - Verbier RIDE","isPartOf":{"@id":"https:\/\/verbier-ride.com\/fr\/#website"},"datePublished":"2025-05-09T07:58:53+00:00","dateModified":"2025-07-21T10:21:23+00:00","description":"Location VTT et E-bike \u00e0 Verbier, Suisse. Location d'\u00e9quipement de v\u00e9lo de haute qualit\u00e9 et consultation pour un ajustement parfait !","breadcrumb":{"@id":"https:\/\/verbier-ride.com\/fr\/location-vtt-et-e-bike-verbier\/#breadcrumb"},"inLanguage":"fr-FR","potentialAction":[{"@type":"ReadAction","target":["https:\/\/verbier-ride.com\/fr\/location-vtt-et-e-bike-verbier\/"]}]},{"@type":"BreadcrumbList","@id":"https:\/\/verbier-ride.com\/fr\/location-vtt-et-e-bike-verbier\/#breadcrumb","itemListElement":[{"@type":"ListItem","position":1,"name":"Home","item":"https:\/\/verbier-ride.com\/fr\/"},{"@type":"ListItem","position":2,"name":"Location VTT et E-bike"}]},{"@type":"WebSite","@id":"https:\/\/verbier-ride.com\/fr\/#website","url":"https:\/\/verbier-ride.com\/fr\/","name":"Verbier RIDE","description":"Explorez Verbier en VTT ou e-bike avec des guides pros, une \u00e9cole certifi\u00e9e et des v\u00e9los \u00e0 louer. Une exp\u00e9rience tout-terrain inoubliable !","potentialAction":[{"@type":"SearchAction","target":{"@type":"EntryPoint","urlTemplate":"https:\/\/verbier-ride.com\/fr\/?s={search_term_string}"},"query-input":{"@type":"PropertyValueSpecification","valueRequired":true,"valueName":"search_term_string"}}],"inLanguage":"fr-FR"}]}},"_links":{"self":[{"href":"https:\/\/verbier-ride.com\/fr\/wp-json\/wp\/v2\/pages\/166","targetHints":{"allow":["GET"]}}],"collection":[{"href":"https:\/\/verbier-ride.com\/fr\/wp-json\/wp\/v2\/pages"}],"about":[{"href":"https:\/\/verbier-ride.com\/fr\/wp-json\/wp\/v2\/types\/page"}],"author":[{"embeddable":true,"href":"https:\/\/verbier-ride.com\/fr\/wp-json\/wp\/v2\/users\/2"}],"replies":[{"embeddable":true,"href":"https:\/\/verbier-ride.com\/fr\/wp-json\/wp\/v2\/comments?post=166"}],"version-history":[{"count":18,"href":"https:\/\/verbier-ride.com\/fr\/wp-json\/wp\/v2\/pages\/166\/revisions"}],"predecessor-version":[{"id":1932,"href":"https:\/\/verbier-ride.com\/fr\/wp-json\/wp\/v2\/pages\/166\/revisions\/1932"}],"wp:attachment":[{"href":"https:\/\/verbier-ride.com\/fr\/wp-json\/wp\/v2\/media?parent=166"}],"curies":[{"name":"wp","href":"https:\/\/api.w.org\/{rel}","templated":true}]}}