{"id":2037,"date":"2025-12-08T13:52:58","date_gmt":"2025-12-08T13:52:58","guid":{"rendered":"https:\/\/verbier-ride.com\/?page_id=2037"},"modified":"2025-12-08T13:52:58","modified_gmt":"2025-12-08T13:52:58","slug":"nouvelles-2","status":"publish","type":"page","link":"https:\/\/verbier-ride.com\/fr\/nouvelles-2\/","title":{"rendered":"Nouvelles"},"content":{"rendered":"<p>[et_pb_section fb_built=\u00a0\u00bb1&Prime; _builder_version=\u00a0\u00bb4.27.4&Prime; _module_preset=\u00a0\u00bbdefault\u00a0\u00bb use_background_color_gradient=\u00a0\u00bbon\u00a0\u00bb background_color_gradient_stops=\u00a0\u00bbrgba(68,68,68,0.48) 0%|rgba(0,0,0,0.24) 100%\u00a0\u00bb background_color_gradient_overlays_image=\u00a0\u00bbon\u00a0\u00bb background_image=\u00a0\u00bbhttps:\/\/new.verbier-ride.com\/wp-content\/uploads\/2025\/05\/Sejour-E-bike-luxe-Verbier-5-1-e1748418765209.jpg\u00a0\u00bb parallax=\u00a0\u00bbon\u00a0\u00bb parallax_method=\u00a0\u00bboff\u00a0\u00bb height=\u00a0\u00bb400px\u00a0\u00bb da_disable_devices=\u00a0\u00bboff|off|off\u00a0\u00bb global_colors_info=\u00a0\u00bb{}\u00a0\u00bb da_is_popup=\u00a0\u00bboff\u00a0\u00bb da_exit_intent=\u00a0\u00bboff\u00a0\u00bb da_has_close=\u00a0\u00bbon\u00a0\u00bb da_alt_close=\u00a0\u00bboff\u00a0\u00bb da_dark_close=\u00a0\u00bboff\u00a0\u00bb da_not_modal=\u00a0\u00bbon\u00a0\u00bb da_is_singular=\u00a0\u00bboff\u00a0\u00bb da_with_loader=\u00a0\u00bboff\u00a0\u00bb da_has_shadow=\u00a0\u00bbon\u00a0\u00bb][et_pb_row _builder_version=\u00a0\u00bb4.27.4&Prime; _module_preset=\u00a0\u00bbdefault\u00a0\u00bb positioning=\u00a0\u00bbabsolute\u00a0\u00bb position_origin_a=\u00a0\u00bbcenter_center\u00a0\u00bb global_colors_info=\u00a0\u00bb{}\u00a0\u00bb][et_pb_column type=\u00a0\u00bb4_4&Prime; _builder_version=\u00a0\u00bb4.27.4&Prime; _module_preset=\u00a0\u00bbdefault\u00a0\u00bb global_colors_info=\u00a0\u00bb{}\u00a0\u00bb][et_pb_heading title=\u00a0\u00bbNouvelles Verbier RIDE\u00a0\u00bb _builder_version=\u00a0\u00bb4.27.4&Prime; _module_preset=\u00a0\u00bbdefault\u00a0\u00bb title_font=\u00a0\u00bb|600|||||||\u00a0\u00bb title_text_align=\u00a0\u00bbcenter\u00a0\u00bb title_text_color=\u00a0\u00bb#FFFFFF\u00a0\u00bb title_font_size=\u00a0\u00bb45px\u00a0\u00bb background_enable_image=\u00a0\u00bboff\u00a0\u00bb positioning=\u00a0\u00bbabsolute\u00a0\u00bb position_origin_a=\u00a0\u00bbcenter_center\u00a0\u00bb width=\u00a0\u00bb100%\u00a0\u00bb title_text_shadow_style=\u00a0\u00bbpreset2&Prime; global_colors_info=\u00a0\u00bb{}\u00a0\u00bb][\/et_pb_heading][\/et_pb_column][\/et_pb_row][\/et_pb_section][et_pb_section fb_built=\u00a0\u00bb1&Prime; _builder_version=\u00a0\u00bb4.27.4&Prime; _module_preset=\u00a0\u00bbdefault\u00a0\u00bb custom_padding=\u00a0\u00bb35px||35px|||\u00a0\u00bb da_disable_devices=\u00a0\u00bboff|off|off\u00a0\u00bb global_colors_info=\u00a0\u00bb{}\u00a0\u00bb da_is_popup=\u00a0\u00bboff\u00a0\u00bb da_exit_intent=\u00a0\u00bboff\u00a0\u00bb da_has_close=\u00a0\u00bbon\u00a0\u00bb da_alt_close=\u00a0\u00bboff\u00a0\u00bb da_dark_close=\u00a0\u00bboff\u00a0\u00bb da_not_modal=\u00a0\u00bbon\u00a0\u00bb da_is_singular=\u00a0\u00bboff\u00a0\u00bb da_with_loader=\u00a0\u00bboff\u00a0\u00bb da_has_shadow=\u00a0\u00bbon\u00a0\u00bb][et_pb_row column_structure=\u00a0\u00bb1_3,1_3,1_3&Prime; make_equal=\u00a0\u00bbon\u00a0\u00bb _builder_version=\u00a0\u00bb4.27.4&Prime; _module_preset=\u00a0\u00bbdefault\u00a0\u00bb global_colors_info=\u00a0\u00bb{}\u00a0\u00bb][et_pb_column type=\u00a0\u00bb1_3&Prime; _builder_version=\u00a0\u00bb4.27.4&Prime; _module_preset=\u00a0\u00bbdefault\u00a0\u00bb global_colors_info=\u00a0\u00bb{}\u00a0\u00bb][ba_card use_icon=\u00a0\u00bbon\u00a0\u00bb icon=\u00a0\u00bb&#xf84a;||fa||900&Prime; title=\u00a0\u00bbChampionnats du Monde de VTT \u2013 30 ao\u00fbt au 14 septembre 2025&Prime; description=\u00a0\u00bb<\/p>\n<p style=%22text-align: left;%22><span style=%22font-weight: 400;%22>Le canton du Valais accueille les <\/span><b>Championnats du Monde de VTT 2025<\/b><span style=%22font-weight: 400;%22>, avec des \u00e9preuves de descente, cross-country, enduro, e-enduro, pump track et marathon. Le <\/span><b>Marathon de Verbier<\/b><span style=%22font-weight: 400;%22> se d\u00e9roulera le 6 septembre, offrant aux participants un d\u00e9fi sportif dans un cadre alpin exceptionnel.<\/span><\/p>\n<p>\u00a0\u00bb icon_color=\u00a0\u00bbgcid-secondary-color\u00a0\u00bb icon_size=\u00a0\u00bb60px\u00a0\u00bb icon_padding=\u00a0\u00bb0px|0px|40px|0px|false|false\u00a0\u00bb btn_spacing_top=\u00a0\u00bb20px\u00a0\u00bb content_alignment=\u00a0\u00bbcenter\u00a0\u00bb content_padding=\u00a0\u00bb0px|0px|0px|0px|false|false\u00a0\u00bb badge_bg_color=\u00a0\u00bb#FFFFFF\u00a0\u00bb _builder_version=\u00a0\u00bb4.27.4&Prime; _module_preset=\u00a0\u00bbdefault\u00a0\u00bb title_font=\u00a0\u00bb|600|||||||\u00a0\u00bb title_text_color=\u00a0\u00bbgcid-secondary-color\u00a0\u00bb title_font_size=\u00a0\u00bb1.5rem\u00a0\u00bb custom_button=\u00a0\u00bbon\u00a0\u00bb button_text_size=\u00a0\u00bb1rem\u00a0\u00bb button_text_color=\u00a0\u00bb#3979ff\u00a0\u00bb button_bg_color=\u00a0\u00bb#ffffff\u00a0\u00bb button_border_width=\u00a0\u00bb1px\u00a0\u00bb button_border_color=\u00a0\u00bb#3979ff\u00a0\u00bb button_border_radius=\u00a0\u00bb50px\u00a0\u00bb button_font=\u00a0\u00bb|700|||||||\u00a0\u00bb button_use_icon=\u00a0\u00bboff\u00a0\u00bb width=\u00a0\u00bb100%\u00a0\u00bb height=\u00a0\u00bb560px\u00a0\u00bb height_tablet=\u00a0\u00bb560px\u00a0\u00bb height_phone=\u00a0\u00bb560px\u00a0\u00bb height_last_edited=\u00a0\u00bbon|tablet\u00a0\u00bb custom_padding=\u00a0\u00bb30px|30px|30px|30px|false|false\u00a0\u00bb hover_enabled=\u00a0\u00bb0&Prime; border_radii_card=\u00a0\u00bbon|20px|20px|20px|20px\u00a0\u00bb border_width_all_card=\u00a0\u00bb0px\u00a0\u00bb border_color_all_card=\u00a0\u00bbgcid-secondary-color\u00a0\u00bb border_style_all_card=\u00a0\u00bbsolid\u00a0\u00bb box_shadow_style=\u00a0\u00bbpreset3&Prime; global_colors_info=\u00a0\u00bb{%22gcid-secondary-color%22:%91%22icon_color%22,%22border_color_all_card%22,%22title_text_color%22%93}\u00a0\u00bb transform_styles__hover_enabled=\u00a0\u00bbon|desktop\u00a0\u00bb transform_scale__hover_enabled=\u00a0\u00bbon|desktop\u00a0\u00bb transform_translate__hover_enabled=\u00a0\u00bbon|desktop\u00a0\u00bb transform_rotate__hover_enabled=\u00a0\u00bbon|desktop\u00a0\u00bb transform_skew__hover_enabled=\u00a0\u00bbon|desktop\u00a0\u00bb transform_origin__hover_enabled=\u00a0\u00bbon|desktop\u00a0\u00bb transform_scale__hover=\u00a0\u00bb102%|102%\u00a0\u00bb sticky_enabled=\u00a0\u00bb0&Prime;][\/ba_card][\/et_pb_column][et_pb_column type=\u00a0\u00bb1_3&Prime; _builder_version=\u00a0\u00bb4.27.4&Prime; _module_preset=\u00a0\u00bbdefault\u00a0\u00bb global_colors_info=\u00a0\u00bb{}\u00a0\u00bb][ba_card use_icon=\u00a0\u00bbon\u00a0\u00bb icon=\u00a0\u00bb&#xf86d;||fa||900&Prime; title=\u00a0\u00bbVerbier Festival \u2013 16 juillet au 3 ao\u00fbt 2025&Prime; description=\u00a0\u00bb<\/p>\n<p style=%22text-align: left;%22>Le Verbier Festival revient pour sa 32\u1d49 \u00e9dition avec plus de 60 concerts et 100 masterclasses.<\/p>\n<p style=%22text-align: left;%22>Au programme : des artistes de renomm\u00e9e internationale tels que Barbara Hannigan, Martha Argerich et Khatia Buniatishvili, ainsi que des talents \u00e9mergents. Venez vivre l&rsquo;excellence musicale dans un cadre alpin unique.<a href=%22https:\/\/www.verbierfestival.com\/annonce-programmation-et-ouverture-billetterie-2025\/?utm_source=chatgpt.com%22><\/a><\/p>\n<p>\u00a0\u00bb use_button=\u00a0\u00bbon\u00a0\u00bb button_text=\u00a0\u00bbVerbier Festival\u00a0\u00bb button_link=\u00a0\u00bbhttps:\/\/www.verbierfestival.com\/annonce-programmation-et-ouverture-billetterie-2025\/?utm_source=chatgpt.com\u00a0\u00bb icon_color=\u00a0\u00bbgcid-secondary-color\u00a0\u00bb icon_size=\u00a0\u00bb60px\u00a0\u00bb icon_padding=\u00a0\u00bb0px|0px|40px|0px|false|false\u00a0\u00bb btn_spacing_top=\u00a0\u00bb20px\u00a0\u00bb content_alignment=\u00a0\u00bbcenter\u00a0\u00bb content_padding=\u00a0\u00bb0px|0px|0px|0px|false|false\u00a0\u00bb _builder_version=\u00a0\u00bb4.27.4&Prime; _module_preset=\u00a0\u00bbdefault\u00a0\u00bb title_font=\u00a0\u00bb|600|||||||\u00a0\u00bb title_text_color=\u00a0\u00bbgcid-secondary-color\u00a0\u00bb title_font_size=\u00a0\u00bb1.5rem\u00a0\u00bb custom_button=\u00a0\u00bbon\u00a0\u00bb button_text_size=\u00a0\u00bb1rem\u00a0\u00bb button_text_color=\u00a0\u00bbgcid-secondary-color\u00a0\u00bb button_bg_color=\u00a0\u00bb#ffffff\u00a0\u00bb button_border_width=\u00a0\u00bb2px\u00a0\u00bb button_border_color=\u00a0\u00bbgcid-secondary-color\u00a0\u00bb button_border_radius=\u00a0\u00bb5px\u00a0\u00bb button_font=\u00a0\u00bb|700|||||||\u00a0\u00bb button_use_icon=\u00a0\u00bboff\u00a0\u00bb transform_scale_tablet=\u00a0\u00bb\u00a0\u00bb transform_scale_phone=\u00a0\u00bb\u00a0\u00bb transform_scale_last_edited=\u00a0\u00bbon|desktop\u00a0\u00bb transform_translate_tablet=\u00a0\u00bb\u00a0\u00bb transform_translate_phone=\u00a0\u00bb\u00a0\u00bb transform_translate_last_edited=\u00a0\u00bbon|desktop\u00a0\u00bb transform_rotate_tablet=\u00a0\u00bb\u00a0\u00bb transform_rotate_phone=\u00a0\u00bb\u00a0\u00bb transform_rotate_last_edited=\u00a0\u00bbon|desktop\u00a0\u00bb transform_skew_tablet=\u00a0\u00bb\u00a0\u00bb transform_skew_phone=\u00a0\u00bb\u00a0\u00bb transform_skew_last_edited=\u00a0\u00bbon|desktop\u00a0\u00bb transform_origin_tablet=\u00a0\u00bb\u00a0\u00bb transform_origin_phone=\u00a0\u00bb\u00a0\u00bb transform_origin_last_edited=\u00a0\u00bbon|desktop\u00a0\u00bb transform_styles_last_edited=\u00a0\u00bbon|desktop\u00a0\u00bb custom_padding=\u00a0\u00bb30px|30px|30px|30px|false|false\u00a0\u00bb transform_styles_tablet=\u00a0\u00bb\u00a0\u00bb transform_styles_phone=\u00a0\u00bb\u00a0\u00bb border_radii_card=\u00a0\u00bbon|20px|20px|20px|20px\u00a0\u00bb border_width_all_card=\u00a0\u00bb0px\u00a0\u00bb border_color_all_card=\u00a0\u00bbgcid-secondary-color\u00a0\u00bb border_style_all_card=\u00a0\u00bbsolid\u00a0\u00bb box_shadow_style=\u00a0\u00bbpreset3&Prime; global_colors_info=\u00a0\u00bb{%22gcid-secondary-color%22:%91%22icon_color%22,%22border_color_all_card%22,%22title_text_color%22,%22button_text_color%22,%22button_border_color%22,%22button_bg_color__hover%22%93,%22gcid-dfd24013-86bc-4418-93ea-97e3bdc2ba51%22:%91%22button_text_color__hover%22%93}\u00a0\u00bb button_bg_color__hover_enabled=\u00a0\u00bbon|hover\u00a0\u00bb button_bg_color__hover=\u00a0\u00bb#a02064&Prime; button_bg_enable_color__hover=\u00a0\u00bbon\u00a0\u00bb button_text_color__hover_enabled=\u00a0\u00bbon|desktop\u00a0\u00bb button_text_color__hover=\u00a0\u00bb#ffffff\u00a0\u00bb transform_styles__hover_enabled=\u00a0\u00bbon|desktop\u00a0\u00bb transform_scale__hover_enabled=\u00a0\u00bbon|desktop\u00a0\u00bb transform_translate__hover_enabled=\u00a0\u00bbon|desktop\u00a0\u00bb transform_rotate__hover_enabled=\u00a0\u00bbon|desktop\u00a0\u00bb transform_skew__hover_enabled=\u00a0\u00bbon|desktop\u00a0\u00bb transform_origin__hover_enabled=\u00a0\u00bbon|desktop\u00a0\u00bb transform_scale__hover=\u00a0\u00bb102%|102%\u00a0\u00bb][\/ba_card][\/et_pb_column][et_pb_column type=\u00a0\u00bb1_3&Prime; _builder_version=\u00a0\u00bb4.27.4&Prime; _module_preset=\u00a0\u00bbdefault\u00a0\u00bb global_colors_info=\u00a0\u00bb{}\u00a0\u00bb][ba_card use_icon=\u00a0\u00bbon\u00a0\u00bb icon=\u00a0\u00bb&#xf84a;||fa||900&Prime; title=\u00a0\u00bbVerbier Bike Festival \u2013 14 au 17 ao\u00fbt\u00a0\u00bb description=\u00a0\u00bb<\/p>\n<p style=%22text-align: left;%22><span style=%22font-weight: 400;%22>Le <\/span><b>Verbier Bike Festival<\/b><span style=%22font-weight: 400;%22> \u00e9volue en 2025 pour accueillir toutes les cat\u00e9gories de v\u00e9los, y compris les VTT classiques et \u00e9lectriques. Au programme : plus de 350 parcours, des comp\u00e9titions, des tests de mat\u00e9riel, des activit\u00e9s familiales et un village anim\u00e9. Une occasion id\u00e9ale pour les passionn\u00e9s de v\u00e9lo de d\u00e9couvrir les derni\u00e8res innovations et de profiter des paysages alpins.<\/span><a href=%22https:\/\/www.verbierbikefestival.com\/?utm_source=chatgpt.com%22> <\/a><a href=%22https:\/\/www.verbierfestival.com\/annonce-programmation-et-ouverture-billetterie-2025\/?utm_source=chatgpt.com%22><br \/><\/a><\/p>\n<p>\u00a0\u00bb use_button=\u00a0\u00bbon\u00a0\u00bb button_text=\u00a0\u00bbVerbier Festival\u00a0\u00bb button_link=\u00a0\u00bbhttps:\/\/www.verbierfestival.com\/annonce-programmation-et-ouverture-billetterie-2025\/?utm_source=chatgpt.com\u00a0\u00bb icon_color=\u00a0\u00bbgcid-secondary-color\u00a0\u00bb icon_size=\u00a0\u00bb60px\u00a0\u00bb icon_padding=\u00a0\u00bb0px|0px|40px|0px|false|false\u00a0\u00bb btn_spacing_top=\u00a0\u00bb20px\u00a0\u00bb content_alignment=\u00a0\u00bbcenter\u00a0\u00bb content_padding=\u00a0\u00bb0px|0px|0px|0px|false|false\u00a0\u00bb _builder_version=\u00a0\u00bb4.27.4&Prime; _module_preset=\u00a0\u00bbdefault\u00a0\u00bb title_font=\u00a0\u00bb|600|||||||\u00a0\u00bb title_text_color=\u00a0\u00bbgcid-secondary-color\u00a0\u00bb title_font_size=\u00a0\u00bb1.5rem\u00a0\u00bb custom_button=\u00a0\u00bbon\u00a0\u00bb button_text_size=\u00a0\u00bb1rem\u00a0\u00bb button_text_color=\u00a0\u00bbgcid-secondary-color\u00a0\u00bb button_bg_color=\u00a0\u00bb#ffffff\u00a0\u00bb button_border_width=\u00a0\u00bb2px\u00a0\u00bb button_border_color=\u00a0\u00bbgcid-secondary-color\u00a0\u00bb button_border_radius=\u00a0\u00bb5px\u00a0\u00bb button_font=\u00a0\u00bb|700|||||||\u00a0\u00bb button_use_icon=\u00a0\u00bboff\u00a0\u00bb height=\u00a0\u00bb589px\u00a0\u00bb height_tablet=\u00a0\u00bb560px\u00a0\u00bb height_phone=\u00a0\u00bb560px\u00a0\u00bb height_last_edited=\u00a0\u00bbon|desktop\u00a0\u00bb custom_padding=\u00a0\u00bb30px|30px|30px|30px|false|false\u00a0\u00bb link_option_url=\u00a0\u00bbhttps:\/\/www.verbierbikefestival.com\u00a0\u00bb link_option_url_new_window=\u00a0\u00bbon\u00a0\u00bb border_radii_card=\u00a0\u00bbon|20px|20px|20px|20px\u00a0\u00bb border_width_all_card=\u00a0\u00bb0px\u00a0\u00bb border_color_all_card=\u00a0\u00bbgcid-secondary-color\u00a0\u00bb border_style_all_card=\u00a0\u00bbsolid\u00a0\u00bb box_shadow_style=\u00a0\u00bbpreset3&Prime; global_colors_info=\u00a0\u00bb{%22gcid-secondary-color%22:%91%22icon_color%22,%22border_color_all_card%22,%22title_text_color%22,%22button_text_color%22,%22button_border_color%22,%22button_bg_color__hover%22%93,%22gcid-dfd24013-86bc-4418-93ea-97e3bdc2ba51%22:%91%22button_text_color__hover%22%93}\u00a0\u00bb button_bg_color__hover_enabled=\u00a0\u00bbon|hover\u00a0\u00bb button_bg_color__hover=\u00a0\u00bb#a02064&Prime; button_bg_enable_color__hover=\u00a0\u00bbon\u00a0\u00bb button_text_color__hover_enabled=\u00a0\u00bbon|desktop\u00a0\u00bb button_text_color__hover=\u00a0\u00bb#ffffff\u00a0\u00bb transform_styles__hover_enabled=\u00a0\u00bbon|hover\u00a0\u00bb transform_scale__hover_enabled=\u00a0\u00bbon|hover\u00a0\u00bb transform_translate__hover_enabled=\u00a0\u00bbon|desktop\u00a0\u00bb transform_rotate__hover_enabled=\u00a0\u00bbon|desktop\u00a0\u00bb transform_skew__hover_enabled=\u00a0\u00bbon|desktop\u00a0\u00bb transform_origin__hover_enabled=\u00a0\u00bbon|desktop\u00a0\u00bb transform_scale__hover=\u00a0\u00bb102%|102%\u00a0\u00bb][\/ba_card][\/et_pb_column][\/et_pb_row][et_pb_row column_structure=\u00a0\u00bb1_3,1_3,1_3&Prime; _builder_version=\u00a0\u00bb4.27.4&Prime; _module_preset=\u00a0\u00bbdefault\u00a0\u00bb custom_margin=\u00a0\u00bb-9px|auto||auto||\u00a0\u00bb global_colors_info=\u00a0\u00bb{}\u00a0\u00bb][et_pb_column type=\u00a0\u00bb1_3&Prime; _builder_version=\u00a0\u00bb4.27.4&Prime; _module_preset=\u00a0\u00bbdefault\u00a0\u00bb global_colors_info=\u00a0\u00bb{}\u00a0\u00bb][ba_card use_icon=\u00a0\u00bbon\u00a0\u00bb icon=\u00a0\u00bb&#xf6fc;||fa||900&Prime; title=\u00a0\u00bbXtreme Verbier \u2013 22 au 30 mars 2025&Prime; description=\u00a0\u00bb<\/p>\n<p style=%22text-align: left;%22><span style=%22font-weight: 400;%22>Bien que cet \u00e9v\u00e9nement se d\u00e9roule en fin de saison hivernale, il est incontournable pour les amateurs de freeride. L\u2019<\/span><b>Xtreme Verbier<\/b><span style=%22font-weight: 400;%22> est la finale du <\/span><b>Freeride World Tour<\/b><span style=%22font-weight: 400;%22>, se tenant sur la l\u00e9gendaire face du <\/span><b>Bec des Rosses<\/b><span style=%22font-weight: 400;%22>. Les meilleurs riders du monde s&rsquo;affrontent dans ce lieu mythique, offrant un spectacle \u00e0 couper le souffle.<\/span><\/p>\n<p>\u00a0\u00bb use_button=\u00a0\u00bbon\u00a0\u00bb button_text=\u00a0\u00bbXtreme verbier\u00a0\u00bb button_link=\u00a0\u00bbhttps:\/\/verbier4vallees.ch\/fr\/experiences-a-verbier\/evenements\/yeti-xtreme-verbier_event_1203&Prime; is_new_window=\u00a0\u00bbon\u00a0\u00bb icon_color=\u00a0\u00bbgcid-secondary-color\u00a0\u00bb icon_size=\u00a0\u00bb60px\u00a0\u00bb icon_padding=\u00a0\u00bb0px|0px|40px|0px|false|false\u00a0\u00bb btn_spacing_top=\u00a0\u00bb20px\u00a0\u00bb content_alignment=\u00a0\u00bbcenter\u00a0\u00bb content_padding=\u00a0\u00bb0px|0px|0px|0px|false|false\u00a0\u00bb _builder_version=\u00a0\u00bb4.27.4&Prime; _module_preset=\u00a0\u00bbdefault\u00a0\u00bb title_font=\u00a0\u00bb|600|||||||\u00a0\u00bb title_text_color=\u00a0\u00bbgcid-secondary-color\u00a0\u00bb title_font_size=\u00a0\u00bb1.5rem\u00a0\u00bb custom_button=\u00a0\u00bbon\u00a0\u00bb button_text_size=\u00a0\u00bb1rem\u00a0\u00bb button_text_color=\u00a0\u00bbgcid-secondary-color\u00a0\u00bb button_bg_color=\u00a0\u00bb#ffffff\u00a0\u00bb button_border_width=\u00a0\u00bb2px\u00a0\u00bb button_border_color=\u00a0\u00bbgcid-secondary-color\u00a0\u00bb button_border_radius=\u00a0\u00bb5px\u00a0\u00bb button_font=\u00a0\u00bb|700|||||||\u00a0\u00bb button_use_icon=\u00a0\u00bboff\u00a0\u00bb custom_margin=\u00a0\u00bb-12px|||||\u00a0\u00bb custom_padding=\u00a0\u00bb30px|30px|30px|30px|false|false\u00a0\u00bb border_radii_card=\u00a0\u00bbon|20px|20px|20px|20px\u00a0\u00bb border_width_all_card=\u00a0\u00bb0px\u00a0\u00bb border_color_all_card=\u00a0\u00bbgcid-secondary-color\u00a0\u00bb border_style_all_card=\u00a0\u00bbsolid\u00a0\u00bb box_shadow_style=\u00a0\u00bbpreset3&Prime; global_colors_info=\u00a0\u00bb{%22gcid-secondary-color%22:%91%22icon_color%22,%22border_color_all_card%22,%22title_text_color%22,%22button_text_color%22,%22button_border_color%22,%22button_bg_color__hover%22%93,%22gcid-dfd24013-86bc-4418-93ea-97e3bdc2ba51%22:%91%22button_text_color__hover%22%93}\u00a0\u00bb button_bg_color__hover_enabled=\u00a0\u00bbon|hover\u00a0\u00bb button_bg_color__hover=\u00a0\u00bb#a02064&Prime; button_bg_enable_color__hover=\u00a0\u00bbon\u00a0\u00bb button_text_color__hover_enabled=\u00a0\u00bbon|desktop\u00a0\u00bb button_text_color__hover=\u00a0\u00bb#ffffff\u00a0\u00bb transform_styles__hover_enabled=\u00a0\u00bbon|hover\u00a0\u00bb transform_scale__hover_enabled=\u00a0\u00bbon|hover\u00a0\u00bb transform_translate__hover_enabled=\u00a0\u00bbon|desktop\u00a0\u00bb transform_rotate__hover_enabled=\u00a0\u00bbon|desktop\u00a0\u00bb transform_skew__hover_enabled=\u00a0\u00bbon|desktop\u00a0\u00bb transform_origin__hover_enabled=\u00a0\u00bbon|desktop\u00a0\u00bb transform_scale__hover=\u00a0\u00bb102%|102%\u00a0\u00bb][\/ba_card][\/et_pb_column][et_pb_column type=\u00a0\u00bb1_3&Prime; _builder_version=\u00a0\u00bb4.27.4&Prime; _module_preset=\u00a0\u00bbdefault\u00a0\u00bb global_colors_info=\u00a0\u00bb{}\u00a0\u00bb][\/et_pb_column][et_pb_column type=\u00a0\u00bb1_3&Prime; _builder_version=\u00a0\u00bb4.27.4&Prime; _module_preset=\u00a0\u00bbdefault\u00a0\u00bb global_colors_info=\u00a0\u00bb{}\u00a0\u00bb][\/et_pb_column][\/et_pb_row][\/et_pb_section]<\/p>\n","protected":false},"excerpt":{"rendered":"<div class=\"et_pb_module ba_card ba_card_0\">\n\t\t\t\t\n\t\t\t\t\n\t\t\t\t\n\t\t\t\t\n\t\t\t\t\n\t\t\t\t\n\t\t\t\t<div class=\"et_pb_module_inner\">\n\t\t\t\t\t<div class=\"dtq-module dtq-card dtq-swapped-img-selector dtq-hover--none use-icon-\u00bbon\">\n                 <div class=\"dtq-card-icon-wrap\"> \n                <div class=\"dtq-card-icon\">\n                    <i class=\"dtq-et-icon\"><\/i>\n                <\/div>\n            <\/div> <div class=\"dtq-card-content\"><h3 class=\"dtq-card-title\">\u00bbChampionnats<\/h3> <div class=\"dtq-card-desc\">\u00bbLe<\/div> <\/div>\n            <\/div>\n\t\t\t\t<\/div>\n\t\t\t<\/div>\n","protected":false},"author":1,"featured_media":0,"parent":0,"menu_order":0,"comment_status":"closed","ping_status":"closed","template":"","meta":{"_et_pb_use_builder":"on","_et_pb_old_content":"<!-- wp:divi\/placeholder \/-->","_et_gb_content_width":"","footnotes":""},"class_list":["post-2037","page","type-page","status-publish","hentry"],"yoast_head":"<!-- This site is optimized with the Yoast SEO plugin v25.8 - https:\/\/yoast.com\/wordpress\/plugins\/seo\/ -->\n<title>Nouvelles - Verbier-ride 2.0<\/title>\n<meta name=\"robots\" content=\"index, follow, max-snippet:-1, max-image-preview:large, max-video-preview:-1\" \/>\n<link rel=\"canonical\" href=\"https:\/\/verbier-ride.com\/fr\/nouvelles-2\/\" \/>\n<meta property=\"og:locale\" content=\"fr_FR\" \/>\n<meta property=\"og:type\" content=\"article\" \/>\n<meta property=\"og:title\" content=\"Nouvelles - Verbier-ride 2.0\" \/>\n<meta property=\"og:url\" content=\"https:\/\/verbier-ride.com\/fr\/nouvelles-2\/\" \/>\n<meta property=\"og:site_name\" content=\"Verbier-ride 2.0\" \/>\n<meta name=\"twitter:card\" content=\"summary_large_image\" \/>\n<meta name=\"twitter:description\" content=\"[ba_card use_icon=&quot;on&quot; icon=&quot;&#xf84a;||fa||900&quot; title=&quot;Championnats du Monde de VTT \u2013 30 ao\u00fbt au 14 septembre 2025&quot; description=&quot;Le canton du Valais accueille les Championnats du Monde de VTT 2025, avec des \u00e9preuves de descente, cross-country, enduro, e-enduro, pump track et marathon. Le Marathon de Verbier se d\u00e9roulera le 6 septembre, offrant aux participants un d\u00e9fi sportif dans [&hellip;]\" \/>\n<meta name=\"twitter:label1\" content=\"Dur\u00e9e de lecture estim\u00e9e\" \/>\n\t<meta name=\"twitter:data1\" content=\"2 minutes\" \/>\n<script type=\"application\/ld+json\" class=\"yoast-schema-graph\">{\"@context\":\"https:\/\/schema.org\",\"@graph\":[{\"@type\":\"WebPage\",\"@id\":\"https:\/\/verbier-ride.com\/fr\/nouvelles-2\/\",\"url\":\"https:\/\/verbier-ride.com\/fr\/nouvelles-2\/\",\"name\":\"Nouvelles - Verbier-ride 2.0\",\"isPartOf\":{\"@id\":\"https:\/\/verbier-ride.com\/#website\"},\"datePublished\":\"2025-12-08T13:52:58+00:00\",\"breadcrumb\":{\"@id\":\"https:\/\/verbier-ride.com\/fr\/nouvelles-2\/#breadcrumb\"},\"inLanguage\":\"fr-FR\",\"potentialAction\":[{\"@type\":\"ReadAction\",\"target\":[\"https:\/\/verbier-ride.com\/fr\/nouvelles-2\/\"]}]},{\"@type\":\"BreadcrumbList\",\"@id\":\"https:\/\/verbier-ride.com\/fr\/nouvelles-2\/#breadcrumb\",\"itemListElement\":[{\"@type\":\"ListItem\",\"position\":1,\"name\":\"Home\",\"item\":\"https:\/\/verbier-ride.com\/fr\/\"},{\"@type\":\"ListItem\",\"position\":2,\"name\":\"Nouvelles\"}]},{\"@type\":\"WebSite\",\"@id\":\"https:\/\/verbier-ride.com\/#website\",\"url\":\"https:\/\/verbier-ride.com\/\",\"name\":\"Verbier RIDE\",\"description\":\"Explorez Verbier en VTT ou e-bike avec des guides pros, une \u00e9cole certifi\u00e9e et des v\u00e9los \u00e0 louer. Une exp\u00e9rience tout-terrain inoubliable !\",\"potentialAction\":[{\"@type\":\"SearchAction\",\"target\":{\"@type\":\"EntryPoint\",\"urlTemplate\":\"https:\/\/verbier-ride.com\/?s={search_term_string}\"},\"query-input\":{\"@type\":\"PropertyValueSpecification\",\"valueRequired\":true,\"valueName\":\"search_term_string\"}}],\"inLanguage\":\"fr-FR\"}]}<\/script>\n<!-- \/ Yoast SEO plugin. -->","yoast_head_json":{"title":"Nouvelles - Verbier-ride 2.0","robots":{"index":"index","follow":"follow","max-snippet":"max-snippet:-1","max-image-preview":"max-image-preview:large","max-video-preview":"max-video-preview:-1"},"canonical":"https:\/\/verbier-ride.com\/fr\/nouvelles-2\/","og_locale":"fr_FR","og_type":"article","og_title":"Nouvelles - Verbier-ride 2.0","og_url":"https:\/\/verbier-ride.com\/fr\/nouvelles-2\/","og_site_name":"Verbier-ride 2.0","twitter_card":"summary_large_image","twitter_description":"[ba_card use_icon=\"on\" icon=\"&#xf84a;||fa||900\" title=\"Championnats du Monde de VTT \u2013 30 ao\u00fbt au 14 septembre 2025\" description=\"Le canton du Valais accueille les Championnats du Monde de VTT 2025, avec des \u00e9preuves de descente, cross-country, enduro, e-enduro, pump track et marathon. Le Marathon de Verbier se d\u00e9roulera le 6 septembre, offrant aux participants un d\u00e9fi sportif dans [&hellip;]","twitter_misc":{"Dur\u00e9e de lecture estim\u00e9e":"2 minutes"},"schema":{"@context":"https:\/\/schema.org","@graph":[{"@type":"WebPage","@id":"https:\/\/verbier-ride.com\/fr\/nouvelles-2\/","url":"https:\/\/verbier-ride.com\/fr\/nouvelles-2\/","name":"Nouvelles - Verbier-ride 2.0","isPartOf":{"@id":"https:\/\/verbier-ride.com\/#website"},"datePublished":"2025-12-08T13:52:58+00:00","breadcrumb":{"@id":"https:\/\/verbier-ride.com\/fr\/nouvelles-2\/#breadcrumb"},"inLanguage":"fr-FR","potentialAction":[{"@type":"ReadAction","target":["https:\/\/verbier-ride.com\/fr\/nouvelles-2\/"]}]},{"@type":"BreadcrumbList","@id":"https:\/\/verbier-ride.com\/fr\/nouvelles-2\/#breadcrumb","itemListElement":[{"@type":"ListItem","position":1,"name":"Home","item":"https:\/\/verbier-ride.com\/fr\/"},{"@type":"ListItem","position":2,"name":"Nouvelles"}]},{"@type":"WebSite","@id":"https:\/\/verbier-ride.com\/#website","url":"https:\/\/verbier-ride.com\/","name":"Verbier RIDE","description":"Explorez Verbier en VTT ou e-bike avec des guides pros, une \u00e9cole certifi\u00e9e et des v\u00e9los \u00e0 louer. Une exp\u00e9rience tout-terrain inoubliable !","potentialAction":[{"@type":"SearchAction","target":{"@type":"EntryPoint","urlTemplate":"https:\/\/verbier-ride.com\/?s={search_term_string}"},"query-input":{"@type":"PropertyValueSpecification","valueRequired":true,"valueName":"search_term_string"}}],"inLanguage":"fr-FR"}]}},"_links":{"self":[{"href":"https:\/\/verbier-ride.com\/fr\/wp-json\/wp\/v2\/pages\/2037","targetHints":{"allow":["GET"]}}],"collection":[{"href":"https:\/\/verbier-ride.com\/fr\/wp-json\/wp\/v2\/pages"}],"about":[{"href":"https:\/\/verbier-ride.com\/fr\/wp-json\/wp\/v2\/types\/page"}],"author":[{"embeddable":true,"href":"https:\/\/verbier-ride.com\/fr\/wp-json\/wp\/v2\/users\/1"}],"replies":[{"embeddable":true,"href":"https:\/\/verbier-ride.com\/fr\/wp-json\/wp\/v2\/comments?post=2037"}],"version-history":[{"count":1,"href":"https:\/\/verbier-ride.com\/fr\/wp-json\/wp\/v2\/pages\/2037\/revisions"}],"predecessor-version":[{"id":2039,"href":"https:\/\/verbier-ride.com\/fr\/wp-json\/wp\/v2\/pages\/2037\/revisions\/2039"}],"wp:attachment":[{"href":"https:\/\/verbier-ride.com\/fr\/wp-json\/wp\/v2\/media?parent=2037"}],"curies":[{"name":"wp","href":"https:\/\/api.w.org\/{rel}","templated":true}]}}